{"id":1666,"date":"2016-08-13T16:21:48","date_gmt":"2016-08-13T14:21:48","guid":{"rendered":"http:\/\/gik.zgora.pl\/?page_id=1666"},"modified":"2016-08-19T22:49:31","modified_gmt":"2016-08-19T20:49:31","slug":"lea","status":"publish","type":"page","link":"http:\/\/gik.zgora.pl\/?page_id=1666","title":{"rendered":"Lea"},"content":{"rendered":"<p>\t<div class=\"ngg-albumoverview default-view\">\n\t\t\t\t\t<div class=\"ngg-album-compact\">\n\t\t\t\t<div class=\"ngg-album-compactbox\">\n\t\t\t\t\t<div class=\"ngg-album-link\">\n\t\t\t\t\t\t\t\t\t\t\t\t\t\t\t\t\t\t\t\t\t<a title='Jelenie G\u00f3ra - 2019-08-31' href='http:\/\/gik.zgora.pl\/index.php\/nggallery\/lea\/jelenie-gora-2019-08-31?page_id=1666'>\n\t\t\t\t\t\t\t\t\t<img class=\"Thumb\"\n\t\t\t\t\t\t\t\t\t\talt=\"Jelenie G\u00f3ra - 2019-08-31\"\n\t\t\t\t\t\t\t\t\t\tsrc=\"http:\/\/gik.zgora.pl\/wp-content\/gallery\/jelenie-gora-2019-08-31\/cache\/DSC_0007.jpg-nggid041173-ngg0dyn-91x68-00f0w010c011r110f110r010t010.jpg\"\/>\n\t\t\t\t\t\t\t\t<\/a>\n\t\t\t\t\t\t\t\t\t\t\t\t\t\t\t\t\t\t<\/div>\n\t\t\t\t<\/div>\n\t\t\t\t\t\t\t\t<h4>\n\t\t\t\t\t<a class='ngg-album-desc'\n\t\t\t\t\ttitle='Jelenie G\u00f3ra - 2019-08-31' href='http:\/\/gik.zgora.pl\/index.php\/nggallery\/lea\/jelenie-gora-2019-08-31?page_id=1666'style=\"max-width: 111px\"\t\t\t\t\t>\n\t\t\t\t\t\tJelenie G\u00f3ra - 2019-08-31\t\t\t\t\t<\/a>\n\t\t\t\t<\/h4>\n\t\t\t\t<p class=\"ngg-album-gallery-image-counter\">\n\t\t\t\t\t\t\t\t\t\t\t<strong>9<\/strong>&nbsp;Zdj\u0119\u0107\t\t\t\t\t\t\t\t\t<\/p>\n\t\t\t<\/div>\n\t\t\t\t\t<div class=\"ngg-album-compact\">\n\t\t\t\t<div class=\"ngg-album-compactbox\">\n\t\t\t\t\t<div class=\"ngg-album-link\">\n\t\t\t\t\t\t\t\t\t\t\t\t\t\t\t\t\t\t\t\t\t<a title='Jesie\u0144 - 2018-10-21' href='http:\/\/gik.zgora.pl\/index.php\/nggallery\/lea\/jesien-2018-10-21?page_id=1666'>\n\t\t\t\t\t\t\t\t\t<img class=\"Thumb\"\n\t\t\t\t\t\t\t\t\t\talt=\"Jesie\u0144 - 2018-10-21\"\n\t\t\t\t\t\t\t\t\t\tsrc=\"http:\/\/gik.zgora.pl\/wp-content\/gallery\/jesien-2018-10-21\/cache\/DSC_0008.jpg-nggid03815-ngg0dyn-91x68-00f0w010c011r110f110r010t010.jpg\"\/>\n\t\t\t\t\t\t\t\t<\/a>\n\t\t\t\t\t\t\t\t\t\t\t\t\t\t\t\t\t\t<\/div>\n\t\t\t\t<\/div>\n\t\t\t\t\t\t\t\t<h4>\n\t\t\t\t\t<a class='ngg-album-desc'\n\t\t\t\t\ttitle='Jesie\u0144 - 2018-10-21' href='http:\/\/gik.zgora.pl\/index.php\/nggallery\/lea\/jesien-2018-10-21?page_id=1666'style=\"max-width: 111px\"\t\t\t\t\t>\n\t\t\t\t\t\tJesie\u0144 - 2018-10-21\t\t\t\t\t<\/a>\n\t\t\t\t<\/h4>\n\t\t\t\t<p class=\"ngg-album-gallery-image-counter\">\n\t\t\t\t\t\t\t\t\t\t\t<strong>5<\/strong>&nbsp;Zdj\u0119\u0107\t\t\t\t\t\t\t\t\t<\/p>\n\t\t\t<\/div>\n\t\t\t\t\t<div class=\"ngg-album-compact\">\n\t\t\t\t<div class=\"ngg-album-compactbox\">\n\t\t\t\t\t<div class=\"ngg-album-link\">\n\t\t\t\t\t\t\t\t\t\t\t\t\t\t\t\t\t\t\t\t\t<a title='Maj\u00f3wka - 2019-05-19' href='http:\/\/gik.zgora.pl\/index.php\/nggallery\/lea\/majowka-2019-05-19?page_id=1666'>\n\t\t\t\t\t\t\t\t\t<img class=\"Thumb\"\n\t\t\t\t\t\t\t\t\t\talt=\"Maj\u00f3wka - 2019-05-19\"\n\t\t\t\t\t\t\t\t\t\tsrc=\"http:\/\/gik.zgora.pl\/wp-content\/gallery\/majowka-2019-05-19\/cache\/DSC_0405.jpg-nggid03928-ngg0dyn-91x68-00f0w010c011r110f110r010t010.jpg\"\/>\n\t\t\t\t\t\t\t\t<\/a>\n\t\t\t\t\t\t\t\t\t\t\t\t\t\t\t\t\t\t<\/div>\n\t\t\t\t<\/div>\n\t\t\t\t\t\t\t\t<h4>\n\t\t\t\t\t<a class='ngg-album-desc'\n\t\t\t\t\ttitle='Maj\u00f3wka - 2019-05-19' href='http:\/\/gik.zgora.pl\/index.php\/nggallery\/lea\/majowka-2019-05-19?page_id=1666'style=\"max-width: 111px\"\t\t\t\t\t>\n\t\t\t\t\t\tMaj\u00f3wka - 2019-05-19\t\t\t\t\t<\/a>\n\t\t\t\t<\/h4>\n\t\t\t\t<p class=\"ngg-album-gallery-image-counter\">\n\t\t\t\t\t\t\t\t\t\t\t<strong>6<\/strong>&nbsp;Zdj\u0119\u0107\t\t\t\t\t\t\t\t\t<\/p>\n\t\t\t<\/div>\n\t\t\t\t\t<div class=\"ngg-album-compact\">\n\t\t\t\t<div class=\"ngg-album-compactbox\">\n\t\t\t\t\t<div class=\"ngg-album-link\">\n\t\t\t\t\t\t\t\t\t\t\t\t\t\t\t\t\t\t\t\t\t<a title='Lea - 2018-05-03' href='http:\/\/gik.zgora.pl\/index.php\/nggallery\/lea\/lea-2018-05-03?page_id=1666'>\n\t\t\t\t\t\t\t\t\t<img class=\"Thumb\"\n\t\t\t\t\t\t\t\t\t\talt=\"Lea - 2018-05-03\"\n\t\t\t\t\t\t\t\t\t\tsrc=\"http:\/\/gik.zgora.pl\/wp-content\/gallery\/lea-2018-05-03\/cache\/DSC_0435-Edit.jpg-nggid03800-ngg0dyn-91x68-00f0w010c011r110f110r010t010.jpg\"\/>\n\t\t\t\t\t\t\t\t<\/a>\n\t\t\t\t\t\t\t\t\t\t\t\t\t\t\t\t\t\t<\/div>\n\t\t\t\t<\/div>\n\t\t\t\t\t\t\t\t<h4>\n\t\t\t\t\t<a class='ngg-album-desc'\n\t\t\t\t\ttitle='Lea - 2018-05-03' href='http:\/\/gik.zgora.pl\/index.php\/nggallery\/lea\/lea-2018-05-03?page_id=1666'style=\"max-width: 111px\"\t\t\t\t\t>\n\t\t\t\t\t\tLea - 2018-05-03\t\t\t\t\t<\/a>\n\t\t\t\t<\/h4>\n\t\t\t\t<p class=\"ngg-album-gallery-image-counter\">\n\t\t\t\t\t\t\t\t\t\t\t<strong>8<\/strong>&nbsp;Zdj\u0119\u0107\t\t\t\t\t\t\t\t\t<\/p>\n\t\t\t<\/div>\n\t\t\t\t\t<div class=\"ngg-album-compact\">\n\t\t\t\t<div class=\"ngg-album-compactbox\">\n\t\t\t\t\t<div class=\"ngg-album-link\">\n\t\t\t\t\t\t\t\t\t\t\t\t\t\t\t\t\t\t\t\t\t<a title='Wrzosy - 2017-08-29' href='http:\/\/gik.zgora.pl\/index.php\/nggallery\/lea\/wrzosy-2017-08-29?page_id=1666'>\n\t\t\t\t\t\t\t\t\t<img class=\"Thumb\"\n\t\t\t\t\t\t\t\t\t\talt=\"Wrzosy - 2017-08-29\"\n\t\t\t\t\t\t\t\t\t\tsrc=\"http:\/\/gik.zgora.pl\/wp-content\/gallery\/wrzosy-2017-08-29\/cache\/DSC_0597-Edit-Edit.jpg-nggid03743-ngg0dyn-91x68-00f0w010c011r110f110r010t010.jpg\"\/>\n\t\t\t\t\t\t\t\t<\/a>\n\t\t\t\t\t\t\t\t\t\t\t\t\t\t\t\t\t\t<\/div>\n\t\t\t\t<\/div>\n\t\t\t\t\t\t\t\t<h4>\n\t\t\t\t\t<a class='ngg-album-desc'\n\t\t\t\t\ttitle='Wrzosy - 2017-08-29' href='http:\/\/gik.zgora.pl\/index.php\/nggallery\/lea\/wrzosy-2017-08-29?page_id=1666'style=\"max-width: 111px\"\t\t\t\t\t>\n\t\t\t\t\t\tWrzosy - 2017-08-29\t\t\t\t\t<\/a>\n\t\t\t\t<\/h4>\n\t\t\t\t<p class=\"ngg-album-gallery-image-counter\">\n\t\t\t\t\t\t\t\t\t\t\t<strong>5<\/strong>&nbsp;Zdj\u0119\u0107\t\t\t\t\t\t\t\t\t<\/p>\n\t\t\t<\/div>\n\t\t\t\t\t<div class=\"ngg-album-compact\">\n\t\t\t\t<div class=\"ngg-album-compactbox\">\n\t\t\t\t\t<div class=\"ngg-album-link\">\n\t\t\t\t\t\t\t\t\t\t\t\t\t\t\t\t\t\t\t\t\t<a title='Lea - diabe\u0142ek - 2016-10-09' href='http:\/\/gik.zgora.pl\/index.php\/nggallery\/lea\/lea-diabelek-2016-10-09?page_id=1666'>\n\t\t\t\t\t\t\t\t\t<img class=\"Thumb\"\n\t\t\t\t\t\t\t\t\t\talt=\"Lea - diabe\u0142ek - 2016-10-09\"\n\t\t\t\t\t\t\t\t\t\tsrc=\"http:\/\/gik.zgora.pl\/wp-content\/gallery\/lea-diabelek-2016-10-09\/cache\/DSC_0021.jpg-nggid03678-ngg0dyn-91x68-00f0w010c011r110f110r010t010.jpg\"\/>\n\t\t\t\t\t\t\t\t<\/a>\n\t\t\t\t\t\t\t\t\t\t\t\t\t\t\t\t\t\t<\/div>\n\t\t\t\t<\/div>\n\t\t\t\t\t\t\t\t<h4>\n\t\t\t\t\t<a class='ngg-album-desc'\n\t\t\t\t\ttitle='Lea - diabe\u0142ek - 2016-10-09' href='http:\/\/gik.zgora.pl\/index.php\/nggallery\/lea\/lea-diabelek-2016-10-09?page_id=1666'style=\"max-width: 111px\"\t\t\t\t\t>\n\t\t\t\t\t\tLea - diabe\u0142ek - 2016-10-09\t\t\t\t\t<\/a>\n\t\t\t\t<\/h4>\n\t\t\t\t<p class=\"ngg-album-gallery-image-counter\">\n\t\t\t\t\t\t\t\t\t\t\t<strong>6<\/strong>&nbsp;Zdj\u0119\u0107\t\t\t\t\t\t\t\t\t<\/p>\n\t\t\t<\/div>\n\t\t\t\t\t<div class=\"ngg-album-compact\">\n\t\t\t\t<div class=\"ngg-album-compactbox\">\n\t\t\t\t\t<div class=\"ngg-album-link\">\n\t\t\t\t\t\t\t\t\t\t\t\t\t\t\t\t\t\t\t\t\t<a title='Lea - anio\u0142ek - 2016-09-17' href='http:\/\/gik.zgora.pl\/index.php\/nggallery\/lea\/lea-aniolek-2016-09-17?page_id=1666'>\n\t\t\t\t\t\t\t\t\t<img class=\"Thumb\"\n\t\t\t\t\t\t\t\t\t\talt=\"Lea - anio\u0142ek - 2016-09-17\"\n\t\t\t\t\t\t\t\t\t\tsrc=\"http:\/\/gik.zgora.pl\/wp-content\/gallery\/lea-aniolek-2016-09-17\/cache\/DSC_0008-Edit.jpg-nggid03666-ngg0dyn-91x68-00f0w010c011r110f110r010t010.jpg\"\/>\n\t\t\t\t\t\t\t\t<\/a>\n\t\t\t\t\t\t\t\t\t\t\t\t\t\t\t\t\t\t<\/div>\n\t\t\t\t<\/div>\n\t\t\t\t\t\t\t\t<h4>\n\t\t\t\t\t<a class='ngg-album-desc'\n\t\t\t\t\ttitle='Lea - anio\u0142ek - 2016-09-17' href='http:\/\/gik.zgora.pl\/index.php\/nggallery\/lea\/lea-aniolek-2016-09-17?page_id=1666'style=\"max-width: 111px\"\t\t\t\t\t>\n\t\t\t\t\t\tLea - anio\u0142ek - 2016-09-17\t\t\t\t\t<\/a>\n\t\t\t\t<\/h4>\n\t\t\t\t<p class=\"ngg-album-gallery-image-counter\">\n\t\t\t\t\t\t\t\t\t\t\t<strong>6<\/strong>&nbsp;Zdj\u0119\u0107\t\t\t\t\t\t\t\t\t<\/p>\n\t\t\t<\/div>\n\t\t\t\t\t<div class=\"ngg-album-compact\">\n\t\t\t\t<div class=\"ngg-album-compactbox\">\n\t\t\t\t\t<div class=\"ngg-album-link\">\n\t\t\t\t\t\t\t\t\t\t\t\t\t\t\t\t\t\t\t\t\t<a title='Lea - pierwsza sesja - 2016-08-21' href='http:\/\/gik.zgora.pl\/index.php\/nggallery\/lea\/lea-pierwsza-sesja-2016-08-21?page_id=1666'>\n\t\t\t\t\t\t\t\t\t<img class=\"Thumb\"\n\t\t\t\t\t\t\t\t\t\talt=\"Lea - pierwsza sesja - 2016-08-21\"\n\t\t\t\t\t\t\t\t\t\tsrc=\"http:\/\/gik.zgora.pl\/wp-content\/gallery\/lea-pierwsza-sesja-2016-08-21\/cache\/1.jpg-nggid03655-ngg0dyn-91x68-00f0w010c011r110f110r010t010.jpg\"\/>\n\t\t\t\t\t\t\t\t<\/a>\n\t\t\t\t\t\t\t\t\t\t\t\t\t\t\t\t\t\t<\/div>\n\t\t\t\t<\/div>\n\t\t\t\t\t\t\t\t<h4>\n\t\t\t\t\t<a class='ngg-album-desc'\n\t\t\t\t\ttitle='Lea - pierwsza sesja - 2016-08-21' href='http:\/\/gik.zgora.pl\/index.php\/nggallery\/lea\/lea-pierwsza-sesja-2016-08-21?page_id=1666'style=\"max-width: 111px\"\t\t\t\t\t>\n\t\t\t\t\t\tLea - pierwsza sesja - 2016-08-21\t\t\t\t\t<\/a>\n\t\t\t\t<\/h4>\n\t\t\t\t<p class=\"ngg-album-gallery-image-counter\">\n\t\t\t\t\t\t\t\t\t\t\t<strong>9<\/strong>&nbsp;Zdj\u0119\u0107\t\t\t\t\t\t\t\t\t<\/p>\n\t\t\t<\/div>\n\t\t\t\t\t<div class=\"ngg-album-compact\">\n\t\t\t\t<div class=\"ngg-album-compactbox\">\n\t\t\t\t\t<div class=\"ngg-album-link\">\n\t\t\t\t\t\t\t\t\t\t\t\t\t\t\t\t\t\t\t\t\t<a title='Lea - pierwsze dni - 2016-08-14' href='http:\/\/gik.zgora.pl\/index.php\/nggallery\/lea\/lea-pierwsze-dni-2016-08-14?page_id=1666'>\n\t\t\t\t\t\t\t\t\t<img class=\"Thumb\"\n\t\t\t\t\t\t\t\t\t\talt=\"Lea - pierwsze dni - 2016-08-14\"\n\t\t\t\t\t\t\t\t\t\tsrc=\"http:\/\/gik.zgora.pl\/wp-content\/gallery\/2016-08-14-lea-pierwsze-dni\/cache\/DSC_0838-Edit.jpg-nggid03620-ngg0dyn-91x68-00f0w010c011r110f110r010t010.jpg\"\/>\n\t\t\t\t\t\t\t\t<\/a>\n\t\t\t\t\t\t\t\t\t\t\t\t\t\t\t\t\t\t<\/div>\n\t\t\t\t<\/div>\n\t\t\t\t\t\t\t\t<h4>\n\t\t\t\t\t<a class='ngg-album-desc'\n\t\t\t\t\ttitle='Lea - pierwsze dni - 2016-08-14' href='http:\/\/gik.zgora.pl\/index.php\/nggallery\/lea\/lea-pierwsze-dni-2016-08-14?page_id=1666'style=\"max-width: 111px\"\t\t\t\t\t>\n\t\t\t\t\t\tLea - pierwsze dni - 2016-08-14\t\t\t\t\t<\/a>\n\t\t\t\t<\/h4>\n\t\t\t\t<p class=\"ngg-album-gallery-image-counter\">\n\t\t\t\t\t\t\t\t\t\t\t<strong>8<\/strong>&nbsp;Zdj\u0119\u0107\t\t\t\t\t\t\t\t\t<\/p>\n\t\t\t<\/div>\n\t\t\t\t\t<div class=\"ngg-album-compact\">\n\t\t\t\t<div class=\"ngg-album-compactbox\">\n\t\t\t\t\t<div class=\"ngg-album-link\">\n\t\t\t\t\t\t\t\t\t\t\t\t\t\t\t\t\t\t\t\t\t<a title='Narodziny - 2016-08-12' href='http:\/\/gik.zgora.pl\/index.php\/nggallery\/lea\/narodziny-2016-08-12?page_id=1666'>\n\t\t\t\t\t\t\t\t\t<img class=\"Thumb\"\n\t\t\t\t\t\t\t\t\t\talt=\"Narodziny - 2016-08-12\"\n\t\t\t\t\t\t\t\t\t\tsrc=\"http:\/\/gik.zgora.pl\/wp-content\/gallery\/narodziny-2016-08-12\/cache\/DSC_0856.jpg-nggid03611-ngg0dyn-91x68-00f0w010c011r110f110r010t010.jpg\"\/>\n\t\t\t\t\t\t\t\t<\/a>\n\t\t\t\t\t\t\t\t\t\t\t\t\t\t\t\t\t\t<\/div>\n\t\t\t\t<\/div>\n\t\t\t\t\t\t\t\t<h4>\n\t\t\t\t\t<a class='ngg-album-desc'\n\t\t\t\t\ttitle='Narodziny - 2016-08-12' href='http:\/\/gik.zgora.pl\/index.php\/nggallery\/lea\/narodziny-2016-08-12?page_id=1666'style=\"max-width: 111px\"\t\t\t\t\t>\n\t\t\t\t\t\tNarodziny - 2016-08-12\t\t\t\t\t<\/a>\n\t\t\t\t<\/h4>\n\t\t\t\t<p class=\"ngg-album-gallery-image-counter\">\n\t\t\t\t\t\t\t\t\t\t\t<strong>13<\/strong>&nbsp;Zdj\u0119\u0107\t\t\t\t\t\t\t\t\t<\/p>\n\t\t\t<\/div>\n\t\t\t\t<br class=\"ngg-clear\"\/>\n\t\t<div class='ngg-clear'><\/div>\t<\/div>\n<\/p>\n","protected":false},"excerpt":{"rendered":"<p>Jelenie G\u00f3ra &#8211; 2019-08-31 9&nbsp;Zdj\u0119\u0107 Jesie\u0144 &#8211; 2018-10-21 5&nbsp;Zdj\u0119\u0107 Maj\u00f3wka &#8211; 2019-05-19 6&nbsp;Zdj\u0119\u0107 Lea &#8211; 2018-05-03 8&nbsp;Zdj\u0119\u0107 Wrzosy &#8211; 2017-08-29 5&nbsp;Zdj\u0119\u0107 Lea &#8211; diabe\u0142ek &#8211; 2016-10-09 6&nbsp;Zdj\u0119\u0107 Lea &#8211; anio\u0142ek &#8211; 2016-09-17 6&nbsp;Zdj\u0119\u0107 Lea &#8211; pierwsza sesja &#8211; 2016-08-21 9&nbsp;Zdj\u0119\u0107 Lea &#8211; pierwsze dni &#8211; 2016-08-14 8&nbsp;Zdj\u0119\u0107 Narodziny &#8211; 2016-08-12 13&nbsp;Zdj\u0119\u0107<\/p>\n","protected":false},"author":1,"featured_media":0,"parent":2,"menu_order":0,"comment_status":"closed","ping_status":"closed","template":"","meta":{"ngg_post_thumbnail":0,"footnotes":""},"class_list":["post-1666","page","type-page","status-publish","hentry"],"aioseo_notices":[],"_links":{"self":[{"href":"http:\/\/gik.zgora.pl\/index.php?rest_route=\/wp\/v2\/pages\/1666","targetHints":{"allow":["GET"]}}],"collection":[{"href":"http:\/\/gik.zgora.pl\/index.php?rest_route=\/wp\/v2\/pages"}],"about":[{"href":"http:\/\/gik.zgora.pl\/index.php?rest_route=\/wp\/v2\/types\/page"}],"author":[{"embeddable":true,"href":"http:\/\/gik.zgora.pl\/index.php?rest_route=\/wp\/v2\/users\/1"}],"replies":[{"embeddable":true,"href":"http:\/\/gik.zgora.pl\/index.php?rest_route=%2Fwp%2Fv2%2Fcomments&post=1666"}],"version-history":[{"count":4,"href":"http:\/\/gik.zgora.pl\/index.php?rest_route=\/wp\/v2\/pages\/1666\/revisions"}],"predecessor-version":[{"id":1761,"href":"http:\/\/gik.zgora.pl\/index.php?rest_route=\/wp\/v2\/pages\/1666\/revisions\/1761"}],"up":[{"embeddable":true,"href":"http:\/\/gik.zgora.pl\/index.php?rest_route=\/wp\/v2\/pages\/2"}],"wp:attachment":[{"href":"http:\/\/gik.zgora.pl\/index.php?rest_route=%2Fwp%2Fv2%2Fmedia&parent=1666"}],"curies":[{"name":"wp","href":"https:\/\/api.w.org\/{rel}","templated":true}]}}