{"id":203,"date":"2015-07-04T15:59:18","date_gmt":"2015-07-04T15:59:18","guid":{"rendered":"http:\/\/gik.zgora.pl\/?page_id=203"},"modified":"2015-07-04T16:03:43","modified_gmt":"2015-07-04T16:03:43","slug":"przyroda","status":"publish","type":"page","link":"http:\/\/gik.zgora.pl\/?page_id=203","title":{"rendered":"Przyroda"},"content":{"rendered":"<p>\t<div class=\"ngg-albumoverview default-view\">\n\t\t\t\t\t<div class=\"ngg-album-compact\">\n\t\t\t\t<div class=\"ngg-album-compactbox\">\n\t\t\t\t\t<div class=\"ngg-album-link\">\n\t\t\t\t\t\t\t\t\t\t\t\t\t\t\t\t\t\t\t\t\t<a title='Przyroda - 2016-09-01' href='http:\/\/gik.zgora.pl\/index.php\/nggallery\/przyroda\/przyroda-2016-09-01?page_id=203'>\n\t\t\t\t\t\t\t\t\t<img class=\"Thumb\"\n\t\t\t\t\t\t\t\t\t\talt=\"Przyroda - 2016-09-01\"\n\t\t\t\t\t\t\t\t\t\tsrc=\"http:\/\/gik.zgora.pl\/wp-content\/gallery\/przyroda-2016-09-01\/cache\/DSC_0864-Edit-3.jpg-nggid03685-ngg0dyn-91x68-00f0w010c011r110f110r010t010.jpg\"\/>\n\t\t\t\t\t\t\t\t<\/a>\n\t\t\t\t\t\t\t\t\t\t\t\t\t\t\t\t\t\t<\/div>\n\t\t\t\t<\/div>\n\t\t\t\t\t\t\t\t<h4>\n\t\t\t\t\t<a class='ngg-album-desc'\n\t\t\t\t\ttitle='Przyroda - 2016-09-01' href='http:\/\/gik.zgora.pl\/index.php\/nggallery\/przyroda\/przyroda-2016-09-01?page_id=203'style=\"max-width: 111px\"\t\t\t\t\t>\n\t\t\t\t\t\tPrzyroda - 2016-09-01\t\t\t\t\t<\/a>\n\t\t\t\t<\/h4>\n\t\t\t\t<p class=\"ngg-album-gallery-image-counter\">\n\t\t\t\t\t\t\t\t\t\t\t<strong>8<\/strong>&nbsp;Zdj\u0119\u0107\t\t\t\t\t\t\t\t\t<\/p>\n\t\t\t<\/div>\n\t\t\t\t\t<div class=\"ngg-album-compact\">\n\t\t\t\t<div class=\"ngg-album-compactbox\">\n\t\t\t\t\t<div class=\"ngg-album-link\">\n\t\t\t\t\t\t\t\t\t\t\t\t\t\t\t\t\t\t\t\t\t<a title='Stare Kramsko - 2015-08-02' href='http:\/\/gik.zgora.pl\/index.php\/nggallery\/przyroda\/stare-kramsko-2015-08-02?page_id=203'>\n\t\t\t\t\t\t\t\t\t<img class=\"Thumb\"\n\t\t\t\t\t\t\t\t\t\talt=\"Stare Kramsko - 2015-08-02\"\n\t\t\t\t\t\t\t\t\t\tsrc=\"http:\/\/gik.zgora.pl\/wp-content\/gallery\/stare-kramsko-2015-08-02\/cache\/DSC_0126-1.jpg-nggid03191-ngg0dyn-91x68-00f0w010c011r110f110r010t010.jpg\"\/>\n\t\t\t\t\t\t\t\t<\/a>\n\t\t\t\t\t\t\t\t\t\t\t\t\t\t\t\t\t\t<\/div>\n\t\t\t\t<\/div>\n\t\t\t\t\t\t\t\t<h4>\n\t\t\t\t\t<a class='ngg-album-desc'\n\t\t\t\t\ttitle='Stare Kramsko - 2015-08-02' href='http:\/\/gik.zgora.pl\/index.php\/nggallery\/przyroda\/stare-kramsko-2015-08-02?page_id=203'style=\"max-width: 111px\"\t\t\t\t\t>\n\t\t\t\t\t\tStare Kramsko - 2015-08-02\t\t\t\t\t<\/a>\n\t\t\t\t<\/h4>\n\t\t\t\t<p class=\"ngg-album-gallery-image-counter\">\n\t\t\t\t\t\t\t\t\t\t\t<strong>5<\/strong>&nbsp;Zdj\u0119\u0107\t\t\t\t\t\t\t\t\t<\/p>\n\t\t\t<\/div>\n\t\t\t\t\t<div class=\"ngg-album-compact\">\n\t\t\t\t<div class=\"ngg-album-compactbox\">\n\t\t\t\t\t<div class=\"ngg-album-link\">\n\t\t\t\t\t\t\t\t\t\t\t\t\t\t\t\t\t\t\t\t\t<a title='Odra 04-07-2015' href='http:\/\/gik.zgora.pl\/index.php\/nggallery\/przyroda\/odra-04-07-2015?page_id=203'>\n\t\t\t\t\t\t\t\t\t<img class=\"Thumb\"\n\t\t\t\t\t\t\t\t\t\talt=\"Odra 04-07-2015\"\n\t\t\t\t\t\t\t\t\t\tsrc=\"http:\/\/gik.zgora.pl\/wp-content\/gallery\/odra-04-07-2015\/cache\/DSC_0083-1.jpg-nggid0267-ngg0dyn-91x68-00f0w010c011r110f110r010t010.jpg\"\/>\n\t\t\t\t\t\t\t\t<\/a>\n\t\t\t\t\t\t\t\t\t\t\t\t\t\t\t\t\t\t<\/div>\n\t\t\t\t<\/div>\n\t\t\t\t\t\t\t\t<h4>\n\t\t\t\t\t<a class='ngg-album-desc'\n\t\t\t\t\ttitle='Odra 04-07-2015' href='http:\/\/gik.zgora.pl\/index.php\/nggallery\/przyroda\/odra-04-07-2015?page_id=203'style=\"max-width: 111px\"\t\t\t\t\t>\n\t\t\t\t\t\tOdra 04-07-2015\t\t\t\t\t<\/a>\n\t\t\t\t<\/h4>\n\t\t\t\t<p class=\"ngg-album-gallery-image-counter\">\n\t\t\t\t\t\t\t\t\t\t\t<strong>3<\/strong>&nbsp;Zdj\u0119\u0107\t\t\t\t\t\t\t\t\t<\/p>\n\t\t\t<\/div>\n\t\t\t\t<br class=\"ngg-clear\"\/>\n\t\t<div class='ngg-clear'><\/div>\t<\/div>\n<\/p>\n","protected":false},"excerpt":{"rendered":"<p>Przyroda &#8211; 2016-09-01 8&nbsp;Zdj\u0119\u0107 Stare Kramsko &#8211; 2015-08-02 5&nbsp;Zdj\u0119\u0107 Odra 04-07-2015 3&nbsp;Zdj\u0119\u0107<\/p>\n","protected":false},"author":1,"featured_media":0,"parent":2,"menu_order":0,"comment_status":"open","ping_status":"open","template":"","meta":{"ngg_post_thumbnail":0,"footnotes":""},"class_list":["post-203","page","type-page","status-publish","hentry"],"aioseo_notices":[],"_links":{"self":[{"href":"http:\/\/gik.zgora.pl\/index.php?rest_route=\/wp\/v2\/pages\/203","targetHints":{"allow":["GET"]}}],"collection":[{"href":"http:\/\/gik.zgora.pl\/index.php?rest_route=\/wp\/v2\/pages"}],"about":[{"href":"http:\/\/gik.zgora.pl\/index.php?rest_route=\/wp\/v2\/types\/page"}],"author":[{"embeddable":true,"href":"http:\/\/gik.zgora.pl\/index.php?rest_route=\/wp\/v2\/users\/1"}],"replies":[{"embeddable":true,"href":"http:\/\/gik.zgora.pl\/index.php?rest_route=%2Fwp%2Fv2%2Fcomments&post=203"}],"version-history":[{"count":3,"href":"http:\/\/gik.zgora.pl\/index.php?rest_route=\/wp\/v2\/pages\/203\/revisions"}],"predecessor-version":[{"id":218,"href":"http:\/\/gik.zgora.pl\/index.php?rest_route=\/wp\/v2\/pages\/203\/revisions\/218"}],"up":[{"embeddable":true,"href":"http:\/\/gik.zgora.pl\/index.php?rest_route=\/wp\/v2\/pages\/2"}],"wp:attachment":[{"href":"http:\/\/gik.zgora.pl\/index.php?rest_route=%2Fwp%2Fv2%2Fmedia&parent=203"}],"curies":[{"name":"wp","href":"https:\/\/api.w.org\/{rel}","templated":true}]}}