{"id":21,"date":"2015-07-04T08:39:32","date_gmt":"2015-07-04T08:39:32","guid":{"rendered":"http:\/\/gik.zgora.pl\/?page_id=21"},"modified":"2015-07-04T10:25:17","modified_gmt":"2015-07-04T10:25:17","slug":"o-mnie","status":"publish","type":"page","link":"http:\/\/gik.zgora.pl\/?page_id=21","title":{"rendered":"O mnie"},"content":{"rendered":"<p><span class=\"null\">On o sobie nie napisze. <\/span><\/p>\n<p><span class=\"null\">On robi zdj\u0119cia. <\/span><\/p>\n<p><span class=\"null\">Nie lubi pisa\u0107. On lubi robi\u0107 zdj\u0119cia. <\/span><\/p>\n<p><span class=\"null\">Ona lubi Jego zdj\u0119cia, dlatego Ona napisz\u0119 Wam o Nim. <\/span><\/p>\n<p><span class=\"null\">Lubi\u0119 Jego i lubi\u0119 Jego zdj\u0119cia. Wiele z Jego zdj\u0119\u0107 nie jest przypadkowych, cho\u0107 wszystkie te\u017c nie s\u0105 ustawiane, przemy\u015blane czy pozorowane. Inspirowane s\u0105 chwil\u0105, stanem ducha, jednym s\u0142owem, jedn\u0105 my\u015bl\u0105. <\/span><\/p>\n<p><span class=\"null\">Lubi rzeczy. Du\u017ce. Budynki. to si\u0119 chyba architektur\u0105 nazywa. Robi jej zdj\u0119cia z zaci\u0119ciem, podnieceniem i cierpliwo\u015bci\u0105. <\/span><\/p>\n<p><span class=\"null\">Lubi przyrod\u0119, kt\u00f3ra cho\u0107 czasami nieprzewidywalna, jednak w danej chwili stabilna. Ani architektura, ani przyroda nie powie mu: &#8222;spr\u00f3buj z tej strony mnie uj\u0105\u0107&#8221;. Dlatego cz\u0119sto wyci\u0105ga z niej to, co najlepsze. <\/span><\/p>\n<p><span class=\"null\">Pr\u00f3buje robi\u0107 zdj\u0119cia ludziom. Istotom dwuno\u017cnym. Zdaniem niekt\u00f3rych, np. moim, mu wychodzi. On uwa\u017ca, \u017ce musi jeszcze du\u017co \u0107wiczy\u0107, \u017ce cz\u0142owiek to najtrudniejszy obiekt, \u017ce ci\u0119\u017cko uj\u0105\u0107 jest chwil\u0119, kt\u00f3r\u0105 i On i \u017cywy obiekt fotografowany uzna za godne uj\u0119cia. On chce, by zdj\u0119cia m\u00f3wi\u0142y. Nios\u0142y przes\u0142anie. Zatrzyma\u0142y czas. Z portretami troch\u0119 \u0142atwiej. Troch\u0119.<\/span><\/p>\n<p style=\"text-align: right;\"><em><span class=\"null\">(z)Ona<\/span><\/em><\/p>\n","protected":false},"excerpt":{"rendered":"<p>On o sobie nie napisze. On robi zdj\u0119cia. Nie lubi pisa\u0107. On lubi robi\u0107 zdj\u0119cia. Ona lubi Jego zdj\u0119cia, dlatego Ona napisz\u0119 Wam o Nim. Lubi\u0119 Jego i lubi\u0119 Jego zdj\u0119cia. Wiele z Jego zdj\u0119\u0107 nie jest przypadkowych, cho\u0107 wszystkie te\u017c nie s\u0105 ustawiane, przemy\u015blane czy pozorowane. Inspirowane s\u0105 chwil\u0105, stanem ducha, jednym s\u0142owem, jedn\u0105 [&hellip;]<\/p>\n","protected":false},"author":1,"featured_media":0,"parent":0,"menu_order":0,"comment_status":"open","ping_status":"open","template":"","meta":{"ngg_post_thumbnail":0,"footnotes":""},"class_list":["post-21","page","type-page","status-publish","hentry"],"aioseo_notices":[],"_links":{"self":[{"href":"http:\/\/gik.zgora.pl\/index.php?rest_route=\/wp\/v2\/pages\/21","targetHints":{"allow":["GET"]}}],"collection":[{"href":"http:\/\/gik.zgora.pl\/index.php?rest_route=\/wp\/v2\/pages"}],"about":[{"href":"http:\/\/gik.zgora.pl\/index.php?rest_route=\/wp\/v2\/types\/page"}],"author":[{"embeddable":true,"href":"http:\/\/gik.zgora.pl\/index.php?rest_route=\/wp\/v2\/users\/1"}],"replies":[{"embeddable":true,"href":"http:\/\/gik.zgora.pl\/index.php?rest_route=%2Fwp%2Fv2%2Fcomments&post=21"}],"version-history":[{"count":7,"href":"http:\/\/gik.zgora.pl\/index.php?rest_route=\/wp\/v2\/pages\/21\/revisions"}],"predecessor-version":[{"id":198,"href":"http:\/\/gik.zgora.pl\/index.php?rest_route=\/wp\/v2\/pages\/21\/revisions\/198"}],"wp:attachment":[{"href":"http:\/\/gik.zgora.pl\/index.php?rest_route=%2Fwp%2Fv2%2Fmedia&parent=21"}],"curies":[{"name":"wp","href":"https:\/\/api.w.org\/{rel}","templated":true}]}}