{"id":2597,"date":"2021-09-14T19:41:50","date_gmt":"2021-09-14T17:41:50","guid":{"rendered":"http:\/\/gik.zgora.pl\/?page_id=2597"},"modified":"2023-05-29T08:20:41","modified_gmt":"2023-05-29T06:20:41","slug":"offo-2021","status":"publish","type":"page","link":"http:\/\/gik.zgora.pl\/?page_id=2597","title":{"rendered":"OFFO 2021"},"content":{"rendered":"<div class=\"wp-block-image is-style-rounded\">\n<figure class=\"aligncenter size-medium\"><img decoding=\"async\" src=\"http:\/\/gik.zgora.pl\/wp-content\/uploads\/2021\/09\/offo-logo-1-300x300.jpg\" alt=\"\" class=\"wp-image-2657\"\/><\/figure>\n<\/div>\n\n\n<p class=\"has-text-align-center\"><strong>IX Og\u00f3lnopolski Festiwal Fotografii Otworkowej.<br>G\u0142\u00f3wne imprezy: 22.10.2021 (Jastrz\u0119bie-Zdr\u00f3j) i 23.10.2021 (Olza)<\/strong><\/p>\n\n\n\n<div class=\"wp-block-columns is-layout-flex wp-container-core-columns-is-layout-9d6595d7 wp-block-columns-is-layout-flex\">\n<div class=\"wp-block-column is-layout-flow wp-block-column-is-layout-flow\"><div class=\"wp-block-image is-style-rounded\">\n<figure class=\"aligncenter size-thumbnail is-resized\"><a href=\"http:\/\/gik.zgora.pl\/?page_id=2603\"><img loading=\"lazy\" decoding=\"async\" src=\"http:\/\/gik.zgora.pl\/wp-content\/uploads\/2022\/03\/30042021-Edit-150x150.jpg\" alt=\"\" class=\"wp-image-2846\" width=\"150\" height=\"150\"\/><\/a><figcaption class=\"wp-element-caption\">GRZEGORZ KINCEL<\/figcaption><\/figure>\n<\/div><\/div>\n\n\n\n<div class=\"wp-block-column is-layout-flow wp-block-column-is-layout-flow\"><div class=\"wp-block-image is-style-rounded\">\n<figure class=\"aligncenter size-thumbnail\"><a href=\"http:\/\/gik.zgora.pl\/?page_id=2601\"><img decoding=\"async\" src=\"http:\/\/gik.zgora.pl\/wp-content\/uploads\/2022\/03\/Browar-174-dni-150x150.jpg\" alt=\"\" class=\"wp-image-2854\"\/><\/a><figcaption class=\"wp-element-caption\">ARKADIUSZ SIUDA<\/figcaption><\/figure>\n<\/div><\/div>\n<\/div>\n\n\n\n<p><\/p>\n","protected":false},"excerpt":{"rendered":"<p>IX Og\u00f3lnopolski Festiwal Fotografii Otworkowej.G\u0142\u00f3wne imprezy: 22.10.2021 (Jastrz\u0119bie-Zdr\u00f3j) i 23.10.2021 (Olza)<\/p>\n","protected":false},"author":1,"featured_media":0,"parent":0,"menu_order":0,"comment_status":"closed","ping_status":"closed","template":"","meta":{"ngg_post_thumbnail":0,"footnotes":""},"class_list":["post-2597","page","type-page","status-publish","hentry"],"aioseo_notices":[],"_links":{"self":[{"href":"http:\/\/gik.zgora.pl\/index.php?rest_route=\/wp\/v2\/pages\/2597","targetHints":{"allow":["GET"]}}],"collection":[{"href":"http:\/\/gik.zgora.pl\/index.php?rest_route=\/wp\/v2\/pages"}],"about":[{"href":"http:\/\/gik.zgora.pl\/index.php?rest_route=\/wp\/v2\/types\/page"}],"author":[{"embeddable":true,"href":"http:\/\/gik.zgora.pl\/index.php?rest_route=\/wp\/v2\/users\/1"}],"replies":[{"embeddable":true,"href":"http:\/\/gik.zgora.pl\/index.php?rest_route=%2Fwp%2Fv2%2Fcomments&post=2597"}],"version-history":[{"count":11,"href":"http:\/\/gik.zgora.pl\/index.php?rest_route=\/wp\/v2\/pages\/2597\/revisions"}],"predecessor-version":[{"id":3034,"href":"http:\/\/gik.zgora.pl\/index.php?rest_route=\/wp\/v2\/pages\/2597\/revisions\/3034"}],"wp:attachment":[{"href":"http:\/\/gik.zgora.pl\/index.php?rest_route=%2Fwp%2Fv2%2Fmedia&parent=2597"}],"curies":[{"name":"wp","href":"https:\/\/api.w.org\/{rel}","templated":true}]}}