{"id":2601,"date":"2021-09-14T19:44:12","date_gmt":"2021-09-14T17:44:12","guid":{"rendered":"http:\/\/gik.zgora.pl\/?page_id=2601"},"modified":"2021-10-11T17:26:01","modified_gmt":"2021-10-11T15:26:01","slug":"arkadiusz-siuda","status":"publish","type":"page","link":"http:\/\/gik.zgora.pl\/?page_id=2601","title":{"rendered":"Arkadiusz Siuda"},"content":{"rendered":"\n<div class=\"wp-block-image\"><figure class=\"aligncenter size-thumbnail\"><a href=\"http:\/\/gik.zgora.pl\/?page_id=2609\"><img decoding=\"async\" src=\"http:\/\/gik.zgora.pl\/wp-content\/uploads\/2021\/09\/ks.-Sw.-Ducha-150x150.jpg\" alt=\"\" class=\"wp-image-2655\"\/><\/a><figcaption>Zielona G\u00f3ra w fotografii otworkowej<br><\/figcaption><\/figure><\/div>\n\n\n\n<div class=\"wp-block-image is-style-default\"><figure class=\"aligncenter size-thumbnail is-resized\"><a href=\"http:\/\/gik.zgora.pl\/?page_id=2607\"><img loading=\"lazy\" decoding=\"async\" src=\"http:\/\/gik.zgora.pl\/wp-content\/uploads\/2021\/09\/ochla-Arkadiusz-Siuda4-150x150.jpg\" alt=\"\" class=\"wp-image-2649\" width=\"154\" height=\"154\"\/><\/a><figcaption>Muzeum Etnograficzne w Zielonej G\u00f3rze-Ochlii<\/figcaption><\/figure><\/div>\n\n\n\n<div class=\"wp-block-columns is-layout-flex wp-container-core-columns-is-layout-9d6595d7 wp-block-columns-is-layout-flex\">\n<div class=\"wp-block-column is-layout-flow wp-block-column-is-layout-flow\" style=\"flex-basis:100%\">\n<div class=\"wp-block-group\"><div class=\"wp-block-group__inner-container is-layout-flow wp-block-group-is-layout-flow\">\n<p>Nazywam si\u0119 Arkadiusz Siuda, urodzi\u0142em si\u0119 w 1968r. Fotografia towarzyszy\u0142a mi od dzieci\u0144stwa, nadal u\u017cywam aparatu mojego ojca. Fotografia to dla mnie forma wyra\u017cenia pewnej wra\u017cliwo\u015bci na to co mnie otacza, przekazanie \u201ejak ja to widz\u0119\u201d.<\/p>\n\n\n\n<p>Od roku 2011 nale\u017c\u0119 do Zielonog\u00f3rskiej Grupy Fotograficznej, w ramach kt\u00f3rej bra\u0142em udzia\u0142 w fotograficznych akcjach charytatywnych oraz reklamowych. Od roku 2015 nale\u017c\u0119 do Zielonog\u00f3rskiego Towarzystwa Fotograficznego.<\/p>\n\n\n\n<p>Osi\u0105gni\u0119cia :<\/p>\n\n\n\n<p>&#8211; wyr\u00f3\u017cnienie &#8211; KOTO-FOTO podczas I Wystawy Kot\u00f3w Domowych w Ogrodzie Botanicznym w Zielonej G\u00f3rze.<\/p>\n\n\n\n<p>&#8211; Laureat &#8211; XVI Foto Day: UZ Festiwal Nauki \u2013<\/p>\n\n\n\n<p>&#8211; Udzia\u0142 w zbiorowej wystawie w Zielonog\u00f3rskiej Grupy Fotograficznej pt: \u201eZielona G\u00f3ra w fotografii i fotografice\u201d<\/p>\n\n\n\n<p>&#8211; Wyr\u00f3\u017cnienie- XX Foto Day &#8211; za zdj\u0119cie w kategorii &#8222;Budynki, kominy, architektura&#8221;<\/p>\n\n\n\n<p>&#8211; rok 2012 \u2013 akredytacja na mecze koszyk\u00f3wki.<\/p>\n\n\n\n<p>&#8211; rok 2012-2014 \u2013 foto relacje dla ZKS Speedrower<\/p>\n\n\n\n<p>&#8211; rok 2013 \u2013 foto relacja z Mistrzostw Polski M\u0142odzik\u00f3w Speedrower<\/p>\n\n\n\n<p>&#8211; rok 2015 \u2013 akredytacja w czasie XV \u015amig\u0142owcowych Mistrzostwa \u015awiata FAI<\/p>\n\n\n\n<p>&#8211; rok 2013-2015 \u2013 udzia\u0142 w 5 zbiorowych wystawach.<\/p>\n\n\n\n<p>&#8211; od 2015 udzia\u0142 w corocznych zbiorowych wystawach Zielonog\u00f3rskiego Towarzystwa Fotograficznego.<\/p>\n\n\n\n<p>Od roku 2020 zainteresowa\u0142em si\u0119 fotografi\u0105 otworkow\u0105 oraz solarigrafi\u0105. Wraz z koleg\u0105 Grzegorzem Kinclem r\u00f3wnie\u017c z Zielonog\u00f3rskiego Towarzystwa Fotograficznego, realizujemy nast\u0119puj\u0105ce projekty :<\/p>\n\n\n\n<p>&#8211; rok 2020 \u2013 projekt solarigraficzny na terenie Muzeum Etnograficzne w Zielonej G\u00f3rze-Ochli<\/p>\n\n\n\n<p>&#8211; rok 2020 \u2013 projekt solarigraficzny oraz fotografii otworkowej \u201eZielona G\u00f3ra w otworku\u201d &#8211; nadal w trakcie realizacji.<\/p>\n<\/div><\/div>\n<\/div>\n<\/div>\n","protected":false},"excerpt":{"rendered":"<p>Nazywam si\u0119 Arkadiusz Siuda, urodzi\u0142em si\u0119 w 1968r. Fotografia towarzyszy\u0142a mi od dzieci\u0144stwa, nadal u\u017cywam aparatu mojego ojca. Fotografia to dla mnie forma wyra\u017cenia pewnej wra\u017cliwo\u015bci na to co mnie otacza, przekazanie \u201ejak ja to widz\u0119\u201d. Od roku 2011 nale\u017c\u0119 do Zielonog\u00f3rskiej Grupy Fotograficznej, w ramach kt\u00f3rej bra\u0142em udzia\u0142 w fotograficznych akcjach charytatywnych oraz reklamowych. [&hellip;]<\/p>\n","protected":false},"author":1,"featured_media":0,"parent":0,"menu_order":0,"comment_status":"closed","ping_status":"closed","template":"","meta":{"ngg_post_thumbnail":0,"footnotes":""},"class_list":["post-2601","page","type-page","status-publish","hentry"],"aioseo_notices":[],"_links":{"self":[{"href":"http:\/\/gik.zgora.pl\/index.php?rest_route=\/wp\/v2\/pages\/2601","targetHints":{"allow":["GET"]}}],"collection":[{"href":"http:\/\/gik.zgora.pl\/index.php?rest_route=\/wp\/v2\/pages"}],"about":[{"href":"http:\/\/gik.zgora.pl\/index.php?rest_route=\/wp\/v2\/types\/page"}],"author":[{"embeddable":true,"href":"http:\/\/gik.zgora.pl\/index.php?rest_route=\/wp\/v2\/users\/1"}],"replies":[{"embeddable":true,"href":"http:\/\/gik.zgora.pl\/index.php?rest_route=%2Fwp%2Fv2%2Fcomments&post=2601"}],"version-history":[{"count":8,"href":"http:\/\/gik.zgora.pl\/index.php?rest_route=\/wp\/v2\/pages\/2601\/revisions"}],"predecessor-version":[{"id":2708,"href":"http:\/\/gik.zgora.pl\/index.php?rest_route=\/wp\/v2\/pages\/2601\/revisions\/2708"}],"wp:attachment":[{"href":"http:\/\/gik.zgora.pl\/index.php?rest_route=%2Fwp%2Fv2%2Fmedia&parent=2601"}],"curies":[{"name":"wp","href":"https:\/\/api.w.org\/{rel}","templated":true}]}}