{"id":2603,"date":"2021-09-14T19:44:36","date_gmt":"2021-09-14T17:44:36","guid":{"rendered":"http:\/\/gik.zgora.pl\/?page_id=2603"},"modified":"2021-10-11T17:26:56","modified_gmt":"2021-10-11T15:26:56","slug":"grzegorz-kincel","status":"publish","type":"page","link":"http:\/\/gik.zgora.pl\/?page_id=2603","title":{"rendered":"Grzegorz Kincel"},"content":{"rendered":"\n<div class=\"wp-block-image\"><figure class=\"aligncenter size-thumbnail\"><a href=\"http:\/\/gik.zgora.pl\/?page_id=2666\"><img decoding=\"async\" src=\"http:\/\/gik.zgora.pl\/wp-content\/uploads\/2021\/09\/ZG-grzegorz-kincel-3-150x150.jpg\" alt=\"\" class=\"wp-image-2690\"\/><\/a><figcaption>Zielona G\u00f3ra w fotografii otworkowej<br><\/figcaption><\/figure><\/div>\n\n\n\n<div class=\"wp-block-image\"><figure class=\"aligncenter size-thumbnail\"><a href=\"http:\/\/gik.zgora.pl\/?page_id=2664\"><img decoding=\"async\" src=\"http:\/\/gik.zgora.pl\/wp-content\/uploads\/2021\/09\/grzegorz-kincel-1-150x150.jpg\" alt=\"\" class=\"wp-image-2692\"\/><\/a><figcaption>Muzeum Etnograficzne w Zielonej G\u00f3rze-Ochlii<br><\/figcaption><\/figure><\/div>\n\n\n\n<p>Rocznik 1972. Z wykszta\u0142cenia zecer \/ linotypista \ud83d\ude42 Od lat pracuje w bran\u017cy poligraficznej. Zainteresowania: fantastyka \u2013 kino, ksi\u0105\u017cki, komiksy, seriale, grafika i fotografia. Cz\u0142onek wsp\u00f3\u0142za\u0142o\u017cyciel Zielonog\u00f3rskiego Towarzystwa Fotograficznego.<\/p>\n\n\n\n<p>Fotografia to moje hobby, kt\u00f3re pozwala si\u0119 oderwa\u0107 cho\u0107 na chwile od pracy. W fotografii interesuje mnie&#8230;. wszystko! Od portretu poprzez krajobraz a\u017c po street foto i architektur\u0119. Jednak w ostatnich latach zdecydowanie fotografia otworkowa. Prace wykonane puszkami po napojach, czekoladkach, kawie czy aparatem Lomo. R\u00f3\u017cne czasy na\u015bwietlania, r\u00f3\u017cne materia\u0142y \u015bwiat\u0142oczu\u0142e oraz r\u00f3\u017cne miejsca. W fotografii tej nigdy nie wiesz jaki b\u0119dzie efekt.<\/p>\n","protected":false},"excerpt":{"rendered":"<p>Rocznik 1972. Z wykszta\u0142cenia zecer \/ linotypista \ud83d\ude42 Od lat pracuje w bran\u017cy poligraficznej. Zainteresowania: fantastyka \u2013 kino, ksi\u0105\u017cki, komiksy, seriale, grafika i fotografia. Cz\u0142onek wsp\u00f3\u0142za\u0142o\u017cyciel Zielonog\u00f3rskiego Towarzystwa Fotograficznego. Fotografia to moje hobby, kt\u00f3re pozwala si\u0119 oderwa\u0107 cho\u0107 na chwile od pracy. W fotografii interesuje mnie&#8230;. wszystko! Od portretu poprzez krajobraz a\u017c po street foto [&hellip;]<\/p>\n","protected":false},"author":1,"featured_media":0,"parent":0,"menu_order":0,"comment_status":"closed","ping_status":"closed","template":"","meta":{"ngg_post_thumbnail":0,"footnotes":""},"class_list":["post-2603","page","type-page","status-publish","hentry"],"aioseo_notices":[],"_links":{"self":[{"href":"http:\/\/gik.zgora.pl\/index.php?rest_route=\/wp\/v2\/pages\/2603","targetHints":{"allow":["GET"]}}],"collection":[{"href":"http:\/\/gik.zgora.pl\/index.php?rest_route=\/wp\/v2\/pages"}],"about":[{"href":"http:\/\/gik.zgora.pl\/index.php?rest_route=\/wp\/v2\/types\/page"}],"author":[{"embeddable":true,"href":"http:\/\/gik.zgora.pl\/index.php?rest_route=\/wp\/v2\/users\/1"}],"replies":[{"embeddable":true,"href":"http:\/\/gik.zgora.pl\/index.php?rest_route=%2Fwp%2Fv2%2Fcomments&post=2603"}],"version-history":[{"count":4,"href":"http:\/\/gik.zgora.pl\/index.php?rest_route=\/wp\/v2\/pages\/2603\/revisions"}],"predecessor-version":[{"id":2709,"href":"http:\/\/gik.zgora.pl\/index.php?rest_route=\/wp\/v2\/pages\/2603\/revisions\/2709"}],"wp:attachment":[{"href":"http:\/\/gik.zgora.pl\/index.php?rest_route=%2Fwp%2Fv2%2Fmedia&parent=2603"}],"curies":[{"name":"wp","href":"https:\/\/api.w.org\/{rel}","templated":true}]}}