{"id":2607,"date":"2021-09-18T11:28:00","date_gmt":"2021-09-18T09:28:00","guid":{"rendered":"http:\/\/gik.zgora.pl\/?page_id=2607"},"modified":"2021-09-18T11:52:50","modified_gmt":"2021-09-18T09:52:50","slug":"muzeum-etnograficzne-w-zielonej-gorze-ochlii","status":"publish","type":"page","link":"http:\/\/gik.zgora.pl\/?page_id=2607","title":{"rendered":"Muzeum Etnograficzne w Zielonej G\u00f3rze-Ochlii"},"content":{"rendered":"\n<p><strong>Muzeum Etnograficzne w Zielonej G\u00f3rze z siedzib\u0105 w Ochli<\/strong>\u00a0\u2013 plac\u00f3wka naukowo-badawcza i o\u015bwiatowa powsta\u0142a w 1982 r. na miejscu Zielonog\u00f3rskiego Parku Etnograficznego.<\/p>\n\n\n\nngg_shortcode_0_placeholder\n","protected":false},"excerpt":{"rendered":"<p>Muzeum Etnograficzne w Zielonej G\u00f3rze z siedzib\u0105 w Ochli\u00a0\u2013 plac\u00f3wka naukowo-badawcza i o\u015bwiatowa powsta\u0142a w 1982 r. na miejscu Zielonog\u00f3rskiego Parku Etnograficznego.<\/p>\n","protected":false},"author":1,"featured_media":0,"parent":0,"menu_order":0,"comment_status":"closed","ping_status":"closed","template":"","meta":{"ngg_post_thumbnail":0,"footnotes":""},"class_list":["post-2607","page","type-page","status-publish","hentry"],"aioseo_notices":[],"_links":{"self":[{"href":"http:\/\/gik.zgora.pl\/index.php?rest_route=\/wp\/v2\/pages\/2607","targetHints":{"allow":["GET"]}}],"collection":[{"href":"http:\/\/gik.zgora.pl\/index.php?rest_route=\/wp\/v2\/pages"}],"about":[{"href":"http:\/\/gik.zgora.pl\/index.php?rest_route=\/wp\/v2\/types\/page"}],"author":[{"embeddable":true,"href":"http:\/\/gik.zgora.pl\/index.php?rest_route=\/wp\/v2\/users\/1"}],"replies":[{"embeddable":true,"href":"http:\/\/gik.zgora.pl\/index.php?rest_route=%2Fwp%2Fv2%2Fcomments&post=2607"}],"version-history":[{"count":3,"href":"http:\/\/gik.zgora.pl\/index.php?rest_route=\/wp\/v2\/pages\/2607\/revisions"}],"predecessor-version":[{"id":2637,"href":"http:\/\/gik.zgora.pl\/index.php?rest_route=\/wp\/v2\/pages\/2607\/revisions\/2637"}],"wp:attachment":[{"href":"http:\/\/gik.zgora.pl\/index.php?rest_route=%2Fwp%2Fv2%2Fmedia&parent=2607"}],"curies":[{"name":"wp","href":"https:\/\/api.w.org\/{rel}","templated":true}]}}