{"id":2664,"date":"2021-09-18T13:22:07","date_gmt":"2021-09-18T11:22:07","guid":{"rendered":"http:\/\/gik.zgora.pl\/?page_id=2664"},"modified":"2021-09-18T13:32:29","modified_gmt":"2021-09-18T11:32:29","slug":"muzeum-etnograficzne-w-zielonej-gorze-ochlii-2","status":"publish","type":"page","link":"http:\/\/gik.zgora.pl\/?page_id=2664","title":{"rendered":"Muzeum Etnograficzne w Zielonej G\u00f3rze-Ochlii"},"content":{"rendered":"\n<p><strong>Muzeum Etnograficzne w Zielonej G\u00f3rze z siedzib\u0105 w Ochli<\/strong>\u00a0\u2013 plac\u00f3wka naukowo-badawcza i o\u015bwiatowa powsta\u0142a w 1982 r. na miejscu Zielonog\u00f3rskiego Parku Etnograficznego.<\/p>\n\n\n\nngg_shortcode_0_placeholder\n","protected":false},"excerpt":{"rendered":"<p>Muzeum Etnograficzne w Zielonej G\u00f3rze z siedzib\u0105 w Ochli\u00a0\u2013 plac\u00f3wka naukowo-badawcza i o\u015bwiatowa powsta\u0142a w 1982 r. na miejscu Zielonog\u00f3rskiego Parku Etnograficznego.<\/p>\n","protected":false},"author":1,"featured_media":0,"parent":0,"menu_order":0,"comment_status":"closed","ping_status":"closed","template":"","meta":{"ngg_post_thumbnail":0,"footnotes":""},"class_list":["post-2664","page","type-page","status-publish","hentry"],"aioseo_notices":[],"_links":{"self":[{"href":"http:\/\/gik.zgora.pl\/index.php?rest_route=\/wp\/v2\/pages\/2664","targetHints":{"allow":["GET"]}}],"collection":[{"href":"http:\/\/gik.zgora.pl\/index.php?rest_route=\/wp\/v2\/pages"}],"about":[{"href":"http:\/\/gik.zgora.pl\/index.php?rest_route=\/wp\/v2\/types\/page"}],"author":[{"embeddable":true,"href":"http:\/\/gik.zgora.pl\/index.php?rest_route=\/wp\/v2\/users\/1"}],"replies":[{"embeddable":true,"href":"http:\/\/gik.zgora.pl\/index.php?rest_route=%2Fwp%2Fv2%2Fcomments&post=2664"}],"version-history":[{"count":2,"href":"http:\/\/gik.zgora.pl\/index.php?rest_route=\/wp\/v2\/pages\/2664\/revisions"}],"predecessor-version":[{"id":2689,"href":"http:\/\/gik.zgora.pl\/index.php?rest_route=\/wp\/v2\/pages\/2664\/revisions\/2689"}],"wp:attachment":[{"href":"http:\/\/gik.zgora.pl\/index.php?rest_route=%2Fwp%2Fv2%2Fmedia&parent=2664"}],"curies":[{"name":"wp","href":"https:\/\/api.w.org\/{rel}","templated":true}]}}