{"id":27,"date":"2015-07-04T08:40:47","date_gmt":"2015-07-04T08:40:47","guid":{"rendered":"http:\/\/gik.zgora.pl\/?page_id=27"},"modified":"2016-04-12T20:46:48","modified_gmt":"2016-04-12T20:46:48","slug":"podroze","status":"publish","type":"page","link":"http:\/\/gik.zgora.pl\/?page_id=27","title":{"rendered":"Podr\u00f3\u017ce"},"content":{"rendered":"<p>\t<div class=\"ngg-albumoverview default-view\">\n\t\t\t\t\t<div class=\"ngg-album-compact\">\n\t\t\t\t<div class=\"ngg-album-compactbox\">\n\t\t\t\t\t<div class=\"ngg-album-link\">\n\t\t\t\t\t\t\t\t\t\t\t\t\t\t\t\t\t\t\t\t\t<a title='Lekkas Farm - 30-06-2024' href='http:\/\/gik.zgora.pl\/index.php\/nggallery\/podroze\/lekkas-farm-30-06-2024?page_id=27'>\n\t\t\t\t\t\t\t\t\t<img class=\"Thumb\"\n\t\t\t\t\t\t\t\t\t\talt=\"Lekkas Farm - 30-06-2024\"\n\t\t\t\t\t\t\t\t\t\tsrc=\"http:\/\/gik.zgora.pl\/wp-content\/gallery\/lekkas-farm-30-06-2024\/cache\/DSC_0869.webp-nggid041542-ngg0dyn-91x68-00f0w010c011r110f110r010t010.webp\"\/>\n\t\t\t\t\t\t\t\t<\/a>\n\t\t\t\t\t\t\t\t\t\t\t\t\t\t\t\t\t\t<\/div>\n\t\t\t\t<\/div>\n\t\t\t\t\t\t\t\t<h4>\n\t\t\t\t\t<a class='ngg-album-desc'\n\t\t\t\t\ttitle='Lekkas Farm - 30-06-2024' href='http:\/\/gik.zgora.pl\/index.php\/nggallery\/podroze\/lekkas-farm-30-06-2024?page_id=27'style=\"max-width: 111px\"\t\t\t\t\t>\n\t\t\t\t\t\tLekkas Farm - 30-06-2024\t\t\t\t\t<\/a>\n\t\t\t\t<\/h4>\n\t\t\t\t<p class=\"ngg-album-gallery-image-counter\">\n\t\t\t\t\t\t\t\t\t\t\t<strong>20<\/strong>&nbsp;Zdj\u0119\u0107\t\t\t\t\t\t\t\t\t<\/p>\n\t\t\t<\/div>\n\t\t\t\t\t<div class=\"ngg-album-compact\">\n\t\t\t\t<div class=\"ngg-album-compactbox\">\n\t\t\t\t\t<div class=\"ngg-album-link\">\n\t\t\t\t\t\t\t\t\t\t\t\t\t\t\t\t\t\t\t\t\t<a title='Zakynthos - 30-06-2024' href='http:\/\/gik.zgora.pl\/index.php\/nggallery\/podroze\/zakynthos-30-06-2024?page_id=27'>\n\t\t\t\t\t\t\t\t\t<img class=\"Thumb\"\n\t\t\t\t\t\t\t\t\t\talt=\"Zakynthos - 30-06-2024\"\n\t\t\t\t\t\t\t\t\t\tsrc=\"http:\/\/gik.zgora.pl\/wp-content\/gallery\/zakynthos-30-06-2024\/cache\/DSC_0731.webp-nggid041492-ngg0dyn-91x68-00f0w010c011r110f110r010t010.webp\"\/>\n\t\t\t\t\t\t\t\t<\/a>\n\t\t\t\t\t\t\t\t\t\t\t\t\t\t\t\t\t\t<\/div>\n\t\t\t\t<\/div>\n\t\t\t\t\t\t\t\t<h4>\n\t\t\t\t\t<a class='ngg-album-desc'\n\t\t\t\t\ttitle='Zakynthos - 30-06-2024' href='http:\/\/gik.zgora.pl\/index.php\/nggallery\/podroze\/zakynthos-30-06-2024?page_id=27'style=\"max-width: 111px\"\t\t\t\t\t>\n\t\t\t\t\t\tZakynthos - 30-06-2024\t\t\t\t\t<\/a>\n\t\t\t\t<\/h4>\n\t\t\t\t<p class=\"ngg-album-gallery-image-counter\">\n\t\t\t\t\t\t\t\t\t\t\t<strong>30<\/strong>&nbsp;Zdj\u0119\u0107\t\t\t\t\t\t\t\t\t<\/p>\n\t\t\t<\/div>\n\t\t\t\t\t<div class=\"ngg-album-compact\">\n\t\t\t\t<div class=\"ngg-album-compactbox\">\n\t\t\t\t\t<div class=\"ngg-album-link\">\n\t\t\t\t\t\t\t\t\t\t\t\t\t\t\t\t\t\t\t\t\t<a title='2021-08-31 - Rodos' href='http:\/\/gik.zgora.pl\/index.php\/nggallery\/podroze\/2021-08-31-rodos?page_id=27'>\n\t\t\t\t\t\t\t\t\t<img class=\"Thumb\"\n\t\t\t\t\t\t\t\t\t\talt=\"2021-08-31 - Rodos\"\n\t\t\t\t\t\t\t\t\t\tsrc=\"http:\/\/gik.zgora.pl\/wp-content\/gallery\/2021-08-31-rodos\/cache\/DSC_0440.jpg-nggid041128-ngg0dyn-91x68-00f0w010c011r110f110r010t010.jpg\"\/>\n\t\t\t\t\t\t\t\t<\/a>\n\t\t\t\t\t\t\t\t\t\t\t\t\t\t\t\t\t\t<\/div>\n\t\t\t\t<\/div>\n\t\t\t\t\t\t\t\t<h4>\n\t\t\t\t\t<a class='ngg-album-desc'\n\t\t\t\t\ttitle='2021-08-31 - Rodos' href='http:\/\/gik.zgora.pl\/index.php\/nggallery\/podroze\/2021-08-31-rodos?page_id=27'style=\"max-width: 111px\"\t\t\t\t\t>\n\t\t\t\t\t\t2021-08-31 - Rodos\t\t\t\t\t<\/a>\n\t\t\t\t<\/h4>\n\t\t\t\t<p class=\"ngg-album-gallery-image-counter\">\n\t\t\t\t\t\t\t\t\t\t\t<strong>36<\/strong>&nbsp;Zdj\u0119\u0107\t\t\t\t\t\t\t\t\t<\/p>\n\t\t\t<\/div>\n\t\t\t\t\t<div class=\"ngg-album-compact\">\n\t\t\t\t<div class=\"ngg-album-compactbox\">\n\t\t\t\t\t<div class=\"ngg-album-link\">\n\t\t\t\t\t\t\t\t\t\t\t\t\t\t\t\t\t\t\t\t\t<a title='Krowiarki - 2019-10-29 ' href='http:\/\/gik.zgora.pl\/index.php\/nggallery\/podroze\/krowiarki-2019-10-29?page_id=27'>\n\t\t\t\t\t\t\t\t\t<img class=\"Thumb\"\n\t\t\t\t\t\t\t\t\t\talt=\"Krowiarki - 2019-10-29 \"\n\t\t\t\t\t\t\t\t\t\tsrc=\"http:\/\/gik.zgora.pl\/wp-content\/gallery\/2019-10-29-krowiarki\/cache\/DSC_0058.jpg-nggid03982-ngg0dyn-91x68-00f0w010c011r110f110r010t010.jpg\"\/>\n\t\t\t\t\t\t\t\t<\/a>\n\t\t\t\t\t\t\t\t\t\t\t\t\t\t\t\t\t\t<\/div>\n\t\t\t\t<\/div>\n\t\t\t\t\t\t\t\t<h4>\n\t\t\t\t\t<a class='ngg-album-desc'\n\t\t\t\t\ttitle='Krowiarki - 2019-10-29 ' href='http:\/\/gik.zgora.pl\/index.php\/nggallery\/podroze\/krowiarki-2019-10-29?page_id=27'style=\"max-width: 111px\"\t\t\t\t\t>\n\t\t\t\t\t\tKrowiarki - 2019-10-29 \t\t\t\t\t<\/a>\n\t\t\t\t<\/h4>\n\t\t\t\t<p class=\"ngg-album-gallery-image-counter\">\n\t\t\t\t\t\t\t\t\t\t\t<strong>18<\/strong>&nbsp;Zdj\u0119\u0107\t\t\t\t\t\t\t\t\t<\/p>\n\t\t\t<\/div>\n\t\t\t\t\t<div class=\"ngg-album-compact\">\n\t\t\t\t<div class=\"ngg-album-compactbox\">\n\t\t\t\t\t<div class=\"ngg-album-link\">\n\t\t\t\t\t\t\t\t\t\t\t\t\t\t\t\t\t\t\t\t\t<a title='Elektrociep\u0142ownia Zielona G\u00f3ra - 2019-10-19 ' href='http:\/\/gik.zgora.pl\/index.php\/nggallery\/podroze\/elektrocieplownia-zielona-gora-2019-10-19?page_id=27'>\n\t\t\t\t\t\t\t\t\t<img class=\"Thumb\"\n\t\t\t\t\t\t\t\t\t\talt=\"Elektrociep\u0142ownia Zielona G\u00f3ra - 2019-10-19 \"\n\t\t\t\t\t\t\t\t\t\tsrc=\"http:\/\/gik.zgora.pl\/wp-content\/gallery\/2019-10-19-elektrocieplownia-zielona-gora\/cache\/DSC_0014-Edit.jpg-nggid03934-ngg0dyn-91x68-00f0w010c011r110f110r010t010.jpg\"\/>\n\t\t\t\t\t\t\t\t<\/a>\n\t\t\t\t\t\t\t\t\t\t\t\t\t\t\t\t\t\t<\/div>\n\t\t\t\t<\/div>\n\t\t\t\t\t\t\t\t<h4>\n\t\t\t\t\t<a class='ngg-album-desc'\n\t\t\t\t\ttitle='Elektrociep\u0142ownia Zielona G\u00f3ra - 2019-10-19 ' href='http:\/\/gik.zgora.pl\/index.php\/nggallery\/podroze\/elektrocieplownia-zielona-gora-2019-10-19?page_id=27'style=\"max-width: 111px\"\t\t\t\t\t>\n\t\t\t\t\t\tElektrociep\u0142ownia Zielona G\u00f3ra - 2019-10-19 \t\t\t\t\t<\/a>\n\t\t\t\t<\/h4>\n\t\t\t\t<p class=\"ngg-album-gallery-image-counter\">\n\t\t\t\t\t\t\t\t\t\t\t<strong>5<\/strong>&nbsp;Zdj\u0119\u0107\t\t\t\t\t\t\t\t\t<\/p>\n\t\t\t<\/div>\n\t\t\t\t\t<div class=\"ngg-album-compact\">\n\t\t\t\t<div class=\"ngg-album-compactbox\">\n\t\t\t\t\t<div class=\"ngg-album-link\">\n\t\t\t\t\t\t\t\t\t\t\t\t\t\t\t\t\t\t\t\t\t<a title='Wilczy Szaniec - 2019-02-24' href='http:\/\/gik.zgora.pl\/index.php\/nggallery\/podroze\/wilczy-szaniec-2019-02-24?page_id=27'>\n\t\t\t\t\t\t\t\t\t<img class=\"Thumb\"\n\t\t\t\t\t\t\t\t\t\talt=\"Wilczy Szaniec - 2019-02-24\"\n\t\t\t\t\t\t\t\t\t\tsrc=\"http:\/\/gik.zgora.pl\/wp-content\/gallery\/wilczy-szaniec-2019-02-24\/cache\/DSC_0053-Edit.jpg-nggid03903-ngg0dyn-91x68-00f0w010c011r110f110r010t010.jpg\"\/>\n\t\t\t\t\t\t\t\t<\/a>\n\t\t\t\t\t\t\t\t\t\t\t\t\t\t\t\t\t\t<\/div>\n\t\t\t\t<\/div>\n\t\t\t\t\t\t\t\t<h4>\n\t\t\t\t\t<a class='ngg-album-desc'\n\t\t\t\t\ttitle='Wilczy Szaniec - 2019-02-24' href='http:\/\/gik.zgora.pl\/index.php\/nggallery\/podroze\/wilczy-szaniec-2019-02-24?page_id=27'style=\"max-width: 111px\"\t\t\t\t\t>\n\t\t\t\t\t\tWilczy Szaniec - 2019-02-24\t\t\t\t\t<\/a>\n\t\t\t\t<\/h4>\n\t\t\t\t<p class=\"ngg-album-gallery-image-counter\">\n\t\t\t\t\t\t\t\t\t\t\t<strong>25<\/strong>&nbsp;Zdj\u0119\u0107\t\t\t\t\t\t\t\t\t<\/p>\n\t\t\t<\/div>\n\t\t\t\t\t<div class=\"ngg-album-compact\">\n\t\t\t\t<div class=\"ngg-album-compactbox\">\n\t\t\t\t\t<div class=\"ngg-album-link\">\n\t\t\t\t\t\t\t\t\t\t\t\t\t\t\t\t\t\t\t\t\t<a title='Zabytki lubuskie - 2019' href='http:\/\/gik.zgora.pl\/index.php\/nggallery\/podroze\/zabytki-lubuskie-2019?page_id=27'>\n\t\t\t\t\t\t\t\t\t<img class=\"Thumb\"\n\t\t\t\t\t\t\t\t\t\talt=\"Zabytki lubuskie - 2019\"\n\t\t\t\t\t\t\t\t\t\tsrc=\"http:\/\/gik.zgora.pl\/wp-content\/gallery\/zabytki-lubuskie-2019\/cache\/drwalewice-3-2.jpg-nggid03881-ngg0dyn-91x68-00f0w010c011r110f110r010t010.jpg\"\/>\n\t\t\t\t\t\t\t\t<\/a>\n\t\t\t\t\t\t\t\t\t\t\t\t\t\t\t\t\t\t<\/div>\n\t\t\t\t<\/div>\n\t\t\t\t\t\t\t\t<h4>\n\t\t\t\t\t<a class='ngg-album-desc'\n\t\t\t\t\ttitle='Zabytki lubuskie - 2019' href='http:\/\/gik.zgora.pl\/index.php\/nggallery\/podroze\/zabytki-lubuskie-2019?page_id=27'style=\"max-width: 111px\"\t\t\t\t\t>\n\t\t\t\t\t\tZabytki lubuskie - 2019\t\t\t\t\t<\/a>\n\t\t\t\t<\/h4>\n\t\t\t\t<p class=\"ngg-album-gallery-image-counter\">\n\t\t\t\t\t\t\t\t\t\t\t<strong>22<\/strong>&nbsp;Zdj\u0119\u0107\t\t\t\t\t\t\t\t\t<\/p>\n\t\t\t<\/div>\n\t\t\t\t\t<div class=\"ngg-album-compact\">\n\t\t\t\t<div class=\"ngg-album-compactbox\">\n\t\t\t\t\t<div class=\"ngg-album-link\">\n\t\t\t\t\t\t\t\t\t\t\t\t\t\t\t\t\t\t\t\t\t<a title='Lyon - 2017-02-05' href='http:\/\/gik.zgora.pl\/index.php\/nggallery\/podroze\/lyon-2017-02-05?page_id=27'>\n\t\t\t\t\t\t\t\t\t<img class=\"Thumb\"\n\t\t\t\t\t\t\t\t\t\talt=\"Lyon - 2017-02-05\"\n\t\t\t\t\t\t\t\t\t\tsrc=\"http:\/\/gik.zgora.pl\/wp-content\/gallery\/lyon-2017-02-05\/cache\/DSC_0050-Edit.jpg-nggid03735-ngg0dyn-91x68-00f0w010c011r110f110r010t010.jpg\"\/>\n\t\t\t\t\t\t\t\t<\/a>\n\t\t\t\t\t\t\t\t\t\t\t\t\t\t\t\t\t\t<\/div>\n\t\t\t\t<\/div>\n\t\t\t\t\t\t\t\t<h4>\n\t\t\t\t\t<a class='ngg-album-desc'\n\t\t\t\t\ttitle='Lyon - 2017-02-05' href='http:\/\/gik.zgora.pl\/index.php\/nggallery\/podroze\/lyon-2017-02-05?page_id=27'style=\"max-width: 111px\"\t\t\t\t\t>\n\t\t\t\t\t\tLyon - 2017-02-05\t\t\t\t\t<\/a>\n\t\t\t\t<\/h4>\n\t\t\t\t<p class=\"ngg-album-gallery-image-counter\">\n\t\t\t\t\t\t\t\t\t\t\t<strong>8<\/strong>&nbsp;Zdj\u0119\u0107\t\t\t\t\t\t\t\t\t<\/p>\n\t\t\t<\/div>\n\t\t\t\t\t<div class=\"ngg-album-compact\">\n\t\t\t\t<div class=\"ngg-album-compactbox\">\n\t\t\t\t\t<div class=\"ngg-album-link\">\n\t\t\t\t\t\t\t\t\t\t\t\t\t\t\t\t\t\t\t\t\t<a title='Rudawy Janowickie - 2016-07-29' href='http:\/\/gik.zgora.pl\/index.php\/nggallery\/podroze\/rudawy-janowickie-2016-07-29?page_id=27'>\n\t\t\t\t\t\t\t\t\t<img class=\"Thumb\"\n\t\t\t\t\t\t\t\t\t\talt=\"Rudawy Janowickie - 2016-07-29\"\n\t\t\t\t\t\t\t\t\t\tsrc=\"http:\/\/gik.zgora.pl\/wp-content\/gallery\/rudawy-janowickie-2016-07-29\/cache\/DSC_0858-Edit.jpg-nggid03589-ngg0dyn-91x68-00f0w010c011r110f110r010t010.jpg\"\/>\n\t\t\t\t\t\t\t\t<\/a>\n\t\t\t\t\t\t\t\t\t\t\t\t\t\t\t\t\t\t<\/div>\n\t\t\t\t<\/div>\n\t\t\t\t\t\t\t\t<h4>\n\t\t\t\t\t<a class='ngg-album-desc'\n\t\t\t\t\ttitle='Rudawy Janowickie - 2016-07-29' href='http:\/\/gik.zgora.pl\/index.php\/nggallery\/podroze\/rudawy-janowickie-2016-07-29?page_id=27'style=\"max-width: 111px\"\t\t\t\t\t>\n\t\t\t\t\t\tRudawy Janowickie - 2016-07-29\t\t\t\t\t<\/a>\n\t\t\t\t<\/h4>\n\t\t\t\t<p class=\"ngg-album-gallery-image-counter\">\n\t\t\t\t\t\t\t\t\t\t\t<strong>18<\/strong>&nbsp;Zdj\u0119\u0107\t\t\t\t\t\t\t\t\t<\/p>\n\t\t\t<\/div>\n\t\t\t\t\t<div class=\"ngg-album-compact\">\n\t\t\t\t<div class=\"ngg-album-compactbox\">\n\t\t\t\t\t<div class=\"ngg-album-link\">\n\t\t\t\t\t\t\t\t\t\t\t\t\t\t\t\t\t\t\t\t\t<a title='Zgorzelec - 2016-06-26' href='http:\/\/gik.zgora.pl\/index.php\/nggallery\/podroze\/zgorzelec-2016-06-26?page_id=27'>\n\t\t\t\t\t\t\t\t\t<img class=\"Thumb\"\n\t\t\t\t\t\t\t\t\t\talt=\"Zgorzelec - 2016-06-26\"\n\t\t\t\t\t\t\t\t\t\tsrc=\"http:\/\/gik.zgora.pl\/wp-content\/gallery\/Zgorzelec---2016-06-26\/cache\/DSC_0827-Edit.jpg-nggid03540-ngg0dyn-91x68-00f0w010c011r110f110r010t010.jpg\"\/>\n\t\t\t\t\t\t\t\t<\/a>\n\t\t\t\t\t\t\t\t\t\t\t\t\t\t\t\t\t\t<\/div>\n\t\t\t\t<\/div>\n\t\t\t\t\t\t\t\t<h4>\n\t\t\t\t\t<a class='ngg-album-desc'\n\t\t\t\t\ttitle='Zgorzelec - 2016-06-26' href='http:\/\/gik.zgora.pl\/index.php\/nggallery\/podroze\/zgorzelec-2016-06-26?page_id=27'style=\"max-width: 111px\"\t\t\t\t\t>\n\t\t\t\t\t\tZgorzelec - 2016-06-26\t\t\t\t\t<\/a>\n\t\t\t\t<\/h4>\n\t\t\t\t<p class=\"ngg-album-gallery-image-counter\">\n\t\t\t\t\t\t\t\t\t\t\t<strong>8<\/strong>&nbsp;Zdj\u0119\u0107\t\t\t\t\t\t\t\t\t<\/p>\n\t\t\t<\/div>\n\t\t\t\t\t<div class=\"ngg-album-compact\">\n\t\t\t\t<div class=\"ngg-album-compactbox\">\n\t\t\t\t\t<div class=\"ngg-album-link\">\n\t\t\t\t\t\t\t\t\t\t\t\t\t\t\t\t\t\t\t\t\t<a title='Zielona G\u00f3ra - 2016-06-19' href='http:\/\/gik.zgora.pl\/index.php\/nggallery\/podroze\/zielona-gora-2016-06-19?page_id=27'>\n\t\t\t\t\t\t\t\t\t<img class=\"Thumb\"\n\t\t\t\t\t\t\t\t\t\talt=\"Zielona G\u00f3ra - 2016-06-19\"\n\t\t\t\t\t\t\t\t\t\tsrc=\"http:\/\/gik.zgora.pl\/wp-content\/gallery\/Zielona-G%C3%B3ra---2016-06-19\/cache\/DSC_0883-Edit.jpg-nggid03528-ngg0dyn-91x68-00f0w010c011r110f110r010t010.jpg\"\/>\n\t\t\t\t\t\t\t\t<\/a>\n\t\t\t\t\t\t\t\t\t\t\t\t\t\t\t\t\t\t<\/div>\n\t\t\t\t<\/div>\n\t\t\t\t\t\t\t\t<h4>\n\t\t\t\t\t<a class='ngg-album-desc'\n\t\t\t\t\ttitle='Zielona G\u00f3ra - 2016-06-19' href='http:\/\/gik.zgora.pl\/index.php\/nggallery\/podroze\/zielona-gora-2016-06-19?page_id=27'style=\"max-width: 111px\"\t\t\t\t\t>\n\t\t\t\t\t\tZielona G\u00f3ra - 2016-06-19\t\t\t\t\t<\/a>\n\t\t\t\t<\/h4>\n\t\t\t\t<p class=\"ngg-album-gallery-image-counter\">\n\t\t\t\t\t\t\t\t\t\t\t<strong>12<\/strong>&nbsp;Zdj\u0119\u0107\t\t\t\t\t\t\t\t\t<\/p>\n\t\t\t<\/div>\n\t\t\t\t\t<div class=\"ngg-album-compact\">\n\t\t\t\t<div class=\"ngg-album-compactbox\">\n\t\t\t\t\t<div class=\"ngg-album-link\">\n\t\t\t\t\t\t\t\t\t\t\t\t\t\t\t\t\t\t\t\t\t<a title='Legnica - 2016-05-08' href='http:\/\/gik.zgora.pl\/index.php\/nggallery\/podroze\/legnica-2016-05-08?page_id=27'>\n\t\t\t\t\t\t\t\t\t<img class=\"Thumb\"\n\t\t\t\t\t\t\t\t\t\talt=\"Legnica - 2016-05-08\"\n\t\t\t\t\t\t\t\t\t\tsrc=\"http:\/\/gik.zgora.pl\/wp-content\/gallery\/Legnica---2016-05-08\/cache\/DSC_0472-Edit.jpg-nggid03471-ngg0dyn-91x68-00f0w010c011r110f110r010t010.jpg\"\/>\n\t\t\t\t\t\t\t\t<\/a>\n\t\t\t\t\t\t\t\t\t\t\t\t\t\t\t\t\t\t<\/div>\n\t\t\t\t<\/div>\n\t\t\t\t\t\t\t\t<h4>\n\t\t\t\t\t<a class='ngg-album-desc'\n\t\t\t\t\ttitle='Legnica - 2016-05-08' href='http:\/\/gik.zgora.pl\/index.php\/nggallery\/podroze\/legnica-2016-05-08?page_id=27'style=\"max-width: 111px\"\t\t\t\t\t>\n\t\t\t\t\t\tLegnica - 2016-05-08\t\t\t\t\t<\/a>\n\t\t\t\t<\/h4>\n\t\t\t\t<p class=\"ngg-album-gallery-image-counter\">\n\t\t\t\t\t\t\t\t\t\t\t<strong>22<\/strong>&nbsp;Zdj\u0119\u0107\t\t\t\t\t\t\t\t\t<\/p>\n\t\t\t<\/div>\n\t\t\t\t\t<div class=\"ngg-album-compact\">\n\t\t\t\t<div class=\"ngg-album-compactbox\">\n\t\t\t\t\t<div class=\"ngg-album-link\">\n\t\t\t\t\t\t\t\t\t\t\t\t\t\t\t\t\t\t\t\t\t<a title='Zabawy - 2016-04-12' href='http:\/\/gik.zgora.pl\/index.php\/nggallery\/podroze\/zabawy-2016-04-12?page_id=27'>\n\t\t\t\t\t\t\t\t\t<img class=\"Thumb\"\n\t\t\t\t\t\t\t\t\t\talt=\"Zabawy - 2016-04-12\"\n\t\t\t\t\t\t\t\t\t\tsrc=\"http:\/\/gik.zgora.pl\/wp-content\/gallery\/Zabawy---2016-04-12\/cache\/DSC_0037-Edit-3.jpg-nggid03425-ngg0dyn-91x68-00f0w010c011r110f110r010t010.jpg\"\/>\n\t\t\t\t\t\t\t\t<\/a>\n\t\t\t\t\t\t\t\t\t\t\t\t\t\t\t\t\t\t<\/div>\n\t\t\t\t<\/div>\n\t\t\t\t\t\t\t\t<h4>\n\t\t\t\t\t<a class='ngg-album-desc'\n\t\t\t\t\ttitle='Zabawy - 2016-04-12' href='http:\/\/gik.zgora.pl\/index.php\/nggallery\/podroze\/zabawy-2016-04-12?page_id=27'style=\"max-width: 111px\"\t\t\t\t\t>\n\t\t\t\t\t\tZabawy - 2016-04-12\t\t\t\t\t<\/a>\n\t\t\t\t<\/h4>\n\t\t\t\t<p class=\"ngg-album-gallery-image-counter\">\n\t\t\t\t\t\t\t\t\t\t\t<strong>10<\/strong>&nbsp;Zdj\u0119\u0107\t\t\t\t\t\t\t\t\t<\/p>\n\t\t\t<\/div>\n\t\t\t\t\t<div class=\"ngg-album-compact\">\n\t\t\t\t<div class=\"ngg-album-compactbox\">\n\t\t\t\t\t<div class=\"ngg-album-link\">\n\t\t\t\t\t\t\t\t\t\t\t\t\t\t\t\t\t\t\t\t\t<a title='Drezno - 2015-12-05' href='http:\/\/gik.zgora.pl\/index.php\/nggallery\/podroze\/drezno-2015-12-05?page_id=27'>\n\t\t\t\t\t\t\t\t\t<img class=\"Thumb\"\n\t\t\t\t\t\t\t\t\t\talt=\"Drezno - 2015-12-05\"\n\t\t\t\t\t\t\t\t\t\tsrc=\"http:\/\/gik.zgora.pl\/wp-content\/gallery\/drezno-2015-12-05\/cache\/DSC_0021-1-2.jpg-nggid03337-ngg0dyn-91x68-00f0w010c011r110f110r010t010.jpg\"\/>\n\t\t\t\t\t\t\t\t<\/a>\n\t\t\t\t\t\t\t\t\t\t\t\t\t\t\t\t\t\t<\/div>\n\t\t\t\t<\/div>\n\t\t\t\t\t\t\t\t<h4>\n\t\t\t\t\t<a class='ngg-album-desc'\n\t\t\t\t\ttitle='Drezno - 2015-12-05' href='http:\/\/gik.zgora.pl\/index.php\/nggallery\/podroze\/drezno-2015-12-05?page_id=27'style=\"max-width: 111px\"\t\t\t\t\t>\n\t\t\t\t\t\tDrezno - 2015-12-05\t\t\t\t\t<\/a>\n\t\t\t\t<\/h4>\n\t\t\t\t<p class=\"ngg-album-gallery-image-counter\">\n\t\t\t\t\t\t\t\t\t\t\t<strong>12<\/strong>&nbsp;Zdj\u0119\u0107\t\t\t\t\t\t\t\t\t<\/p>\n\t\t\t<\/div>\n\t\t\t\t\t<div class=\"ngg-album-compact\">\n\t\t\t\t<div class=\"ngg-album-compactbox\">\n\t\t\t\t\t<div class=\"ngg-album-link\">\n\t\t\t\t\t\t\t\t\t\t\t\t\t\t\t\t\t\t\t\t\t<a title='Korsyka - 2015-09-12' href='http:\/\/gik.zgora.pl\/index.php\/nggallery\/podroze\/korsyka-2015-09-12?page_id=27'>\n\t\t\t\t\t\t\t\t\t<img class=\"Thumb\"\n\t\t\t\t\t\t\t\t\t\talt=\"Korsyka - 2015-09-12\"\n\t\t\t\t\t\t\t\t\t\tsrc=\"http:\/\/gik.zgora.pl\/wp-content\/gallery\/korsyka-2015-09-12\/cache\/korsyka-5.jpg-nggid03230-ngg0dyn-91x68-00f0w010c011r110f110r010t010.jpg\"\/>\n\t\t\t\t\t\t\t\t<\/a>\n\t\t\t\t\t\t\t\t\t\t\t\t\t\t\t\t\t\t<\/div>\n\t\t\t\t<\/div>\n\t\t\t\t\t\t\t\t<h4>\n\t\t\t\t\t<a class='ngg-album-desc'\n\t\t\t\t\ttitle='Korsyka - 2015-09-12' href='http:\/\/gik.zgora.pl\/index.php\/nggallery\/podroze\/korsyka-2015-09-12?page_id=27'style=\"max-width: 111px\"\t\t\t\t\t>\n\t\t\t\t\t\tKorsyka - 2015-09-12\t\t\t\t\t<\/a>\n\t\t\t\t<\/h4>\n\t\t\t\t<p class=\"ngg-album-gallery-image-counter\">\n\t\t\t\t\t\t\t\t\t\t\t<strong>45<\/strong>&nbsp;Zdj\u0119\u0107\t\t\t\t\t\t\t\t\t<\/p>\n\t\t\t<\/div>\n\t\t\t\t\t<div class=\"ngg-album-compact\">\n\t\t\t\t<div class=\"ngg-album-compactbox\">\n\t\t\t\t\t<div class=\"ngg-album-link\">\n\t\t\t\t\t\t\t\t\t\t\t\t\t\t\t\t\t\t\t\t\t<a title='Lotnisko - 2015-08-02' href='http:\/\/gik.zgora.pl\/index.php\/nggallery\/podroze\/lotnisko-2015-08-02?page_id=27'>\n\t\t\t\t\t\t\t\t\t<img class=\"Thumb\"\n\t\t\t\t\t\t\t\t\t\talt=\"Lotnisko - 2015-08-02\"\n\t\t\t\t\t\t\t\t\t\tsrc=\"http:\/\/gik.zgora.pl\/wp-content\/gallery\/lotnisko\/cache\/DSC_0005-1.jpg-nggid03183-ngg0dyn-91x68-00f0w010c011r110f110r010t010.jpg\"\/>\n\t\t\t\t\t\t\t\t<\/a>\n\t\t\t\t\t\t\t\t\t\t\t\t\t\t\t\t\t\t<\/div>\n\t\t\t\t<\/div>\n\t\t\t\t\t\t\t\t<h4>\n\t\t\t\t\t<a class='ngg-album-desc'\n\t\t\t\t\ttitle='Lotnisko - 2015-08-02' href='http:\/\/gik.zgora.pl\/index.php\/nggallery\/podroze\/lotnisko-2015-08-02?page_id=27'style=\"max-width: 111px\"\t\t\t\t\t>\n\t\t\t\t\t\tLotnisko - 2015-08-02\t\t\t\t\t<\/a>\n\t\t\t\t<\/h4>\n\t\t\t\t<p class=\"ngg-album-gallery-image-counter\">\n\t\t\t\t\t\t\t\t\t\t\t<strong>8<\/strong>&nbsp;Zdj\u0119\u0107\t\t\t\t\t\t\t\t\t<\/p>\n\t\t\t<\/div>\n\t\t\t\t\t<div class=\"ngg-album-compact\">\n\t\t\t\t<div class=\"ngg-album-compactbox\">\n\t\t\t\t\t<div class=\"ngg-album-link\">\n\t\t\t\t\t\t\t\t\t\t\t\t\t\t\t\t\t\t\t\t\t<a title='Cypr - 2015 - Bellapais' href='http:\/\/gik.zgora.pl\/index.php\/nggallery\/podroze\/cypr-2015-bellapais?page_id=27'>\n\t\t\t\t\t\t\t\t\t<img class=\"Thumb\"\n\t\t\t\t\t\t\t\t\t\talt=\"Cypr - 2015 - Bellapais\"\n\t\t\t\t\t\t\t\t\t\tsrc=\"http:\/\/gik.zgora.pl\/wp-content\/gallery\/cypr-2015-bellapais\/cache\/DSC_0021-1.jpg-nggid0282-ngg0dyn-91x68-00f0w010c011r110f110r010t010.jpg\"\/>\n\t\t\t\t\t\t\t\t<\/a>\n\t\t\t\t\t\t\t\t\t\t\t\t\t\t\t\t\t\t<\/div>\n\t\t\t\t<\/div>\n\t\t\t\t\t\t\t\t<h4>\n\t\t\t\t\t<a class='ngg-album-desc'\n\t\t\t\t\ttitle='Cypr - 2015 - Bellapais' href='http:\/\/gik.zgora.pl\/index.php\/nggallery\/podroze\/cypr-2015-bellapais?page_id=27'style=\"max-width: 111px\"\t\t\t\t\t>\n\t\t\t\t\t\tCypr - 2015 - Bellapais\t\t\t\t\t<\/a>\n\t\t\t\t<\/h4>\n\t\t\t\t<p class=\"ngg-album-gallery-image-counter\">\n\t\t\t\t\t\t\t\t\t\t\t<strong>6<\/strong>&nbsp;Zdj\u0119\u0107\t\t\t\t\t\t\t\t\t<\/p>\n\t\t\t<\/div>\n\t\t\t\t\t<div class=\"ngg-album-compact\">\n\t\t\t\t<div class=\"ngg-album-compactbox\">\n\t\t\t\t\t<div class=\"ngg-album-link\">\n\t\t\t\t\t\t\t\t\t\t\t\t\t\t\t\t\t\t\t\t\t<a title='Cypr - 2015 - Salamina' href='http:\/\/gik.zgora.pl\/index.php\/nggallery\/podroze\/cypr-2015-salamina?page_id=27'>\n\t\t\t\t\t\t\t\t\t<img class=\"Thumb\"\n\t\t\t\t\t\t\t\t\t\talt=\"Cypr - 2015 - Salamina\"\n\t\t\t\t\t\t\t\t\t\tsrc=\"http:\/\/gik.zgora.pl\/wp-content\/gallery\/cypr-2015-salamina\/cache\/DSC_0042-1.jpg-nggid0276-ngg0dyn-91x68-00f0w010c011r110f110r010t010.jpg\"\/>\n\t\t\t\t\t\t\t\t<\/a>\n\t\t\t\t\t\t\t\t\t\t\t\t\t\t\t\t\t\t<\/div>\n\t\t\t\t<\/div>\n\t\t\t\t\t\t\t\t<h4>\n\t\t\t\t\t<a class='ngg-album-desc'\n\t\t\t\t\ttitle='Cypr - 2015 - Salamina' href='http:\/\/gik.zgora.pl\/index.php\/nggallery\/podroze\/cypr-2015-salamina?page_id=27'style=\"max-width: 111px\"\t\t\t\t\t>\n\t\t\t\t\t\tCypr - 2015 - Salamina\t\t\t\t\t<\/a>\n\t\t\t\t<\/h4>\n\t\t\t\t<p class=\"ngg-album-gallery-image-counter\">\n\t\t\t\t\t\t\t\t\t\t\t<strong>6<\/strong>&nbsp;Zdj\u0119\u0107\t\t\t\t\t\t\t\t\t<\/p>\n\t\t\t<\/div>\n\t\t\t\t\t<div class=\"ngg-album-compact\">\n\t\t\t\t<div class=\"ngg-album-compactbox\">\n\t\t\t\t\t<div class=\"ngg-album-link\">\n\t\t\t\t\t\t\t\t\t\t\t\t\t\t\t\t\t\t\t\t\t<a title='Cypr - 2015 - Famagusta' href='http:\/\/gik.zgora.pl\/index.php\/nggallery\/podroze\/cypr-2015-famagusta?page_id=27'>\n\t\t\t\t\t\t\t\t\t<img class=\"Thumb\"\n\t\t\t\t\t\t\t\t\t\talt=\"Cypr - 2015 - Famagusta\"\n\t\t\t\t\t\t\t\t\t\tsrc=\"http:\/\/gik.zgora.pl\/wp-content\/gallery\/cypr-2015-famagusta\/cache\/DSC_0150-1.jpg-nggid0270-ngg0dyn-91x68-00f0w010c011r110f110r010t010.jpg\"\/>\n\t\t\t\t\t\t\t\t<\/a>\n\t\t\t\t\t\t\t\t\t\t\t\t\t\t\t\t\t\t<\/div>\n\t\t\t\t<\/div>\n\t\t\t\t\t\t\t\t<h4>\n\t\t\t\t\t<a class='ngg-album-desc'\n\t\t\t\t\ttitle='Cypr - 2015 - Famagusta' href='http:\/\/gik.zgora.pl\/index.php\/nggallery\/podroze\/cypr-2015-famagusta?page_id=27'style=\"max-width: 111px\"\t\t\t\t\t>\n\t\t\t\t\t\tCypr - 2015 - Famagusta\t\t\t\t\t<\/a>\n\t\t\t\t<\/h4>\n\t\t\t\t<p class=\"ngg-album-gallery-image-counter\">\n\t\t\t\t\t\t\t\t\t\t\t<strong>6<\/strong>&nbsp;Zdj\u0119\u0107\t\t\t\t\t\t\t\t\t<\/p>\n\t\t\t<\/div>\n\t\t\t\t<br class=\"ngg-clear\"\/>\n\t\t<div class='ngg-clear'><\/div>\t<\/div>\n<\/p>\n","protected":false},"excerpt":{"rendered":"<p>Lekkas Farm &#8211; 30-06-2024 20&nbsp;Zdj\u0119\u0107 Zakynthos &#8211; 30-06-2024 30&nbsp;Zdj\u0119\u0107 2021-08-31 &#8211; Rodos 36&nbsp;Zdj\u0119\u0107 Krowiarki &#8211; 2019-10-29 18&nbsp;Zdj\u0119\u0107 Elektrociep\u0142ownia Zielona G\u00f3ra &#8211; 2019-10-19 5&nbsp;Zdj\u0119\u0107 Wilczy Szaniec &#8211; 2019-02-24 25&nbsp;Zdj\u0119\u0107 Zabytki lubuskie &#8211; 2019 22&nbsp;Zdj\u0119\u0107 Lyon &#8211; 2017-02-05 8&nbsp;Zdj\u0119\u0107 Rudawy Janowickie &#8211; 2016-07-29 18&nbsp;Zdj\u0119\u0107 Zgorzelec &#8211; 2016-06-26 8&nbsp;Zdj\u0119\u0107 Zielona G\u00f3ra &#8211; 2016-06-19 12&nbsp;Zdj\u0119\u0107 Legnica &#8211; 2016-05-08 22&nbsp;Zdj\u0119\u0107 [&hellip;]<\/p>\n","protected":false},"author":1,"featured_media":0,"parent":2,"menu_order":0,"comment_status":"open","ping_status":"open","template":"","meta":{"ngg_post_thumbnail":0,"footnotes":""},"class_list":["post-27","page","type-page","status-publish","hentry"],"aioseo_notices":[],"_links":{"self":[{"href":"http:\/\/gik.zgora.pl\/index.php?rest_route=\/wp\/v2\/pages\/27","targetHints":{"allow":["GET"]}}],"collection":[{"href":"http:\/\/gik.zgora.pl\/index.php?rest_route=\/wp\/v2\/pages"}],"about":[{"href":"http:\/\/gik.zgora.pl\/index.php?rest_route=\/wp\/v2\/types\/page"}],"author":[{"embeddable":true,"href":"http:\/\/gik.zgora.pl\/index.php?rest_route=\/wp\/v2\/users\/1"}],"replies":[{"embeddable":true,"href":"http:\/\/gik.zgora.pl\/index.php?rest_route=%2Fwp%2Fv2%2Fcomments&post=27"}],"version-history":[{"count":4,"href":"http:\/\/gik.zgora.pl\/index.php?rest_route=\/wp\/v2\/pages\/27\/revisions"}],"predecessor-version":[{"id":2853,"href":"http:\/\/gik.zgora.pl\/index.php?rest_route=\/wp\/v2\/pages\/27\/revisions\/2853"}],"up":[{"embeddable":true,"href":"http:\/\/gik.zgora.pl\/index.php?rest_route=\/wp\/v2\/pages\/2"}],"wp:attachment":[{"href":"http:\/\/gik.zgora.pl\/index.php?rest_route=%2Fwp%2Fv2%2Fmedia&parent=27"}],"curies":[{"name":"wp","href":"https:\/\/api.w.org\/{rel}","templated":true}]}}