{"id":3026,"date":"2023-05-29T08:14:26","date_gmt":"2023-05-29T06:14:26","guid":{"rendered":"http:\/\/gik.zgora.pl\/?page_id=3026"},"modified":"2025-10-07T11:20:09","modified_gmt":"2025-10-07T09:20:09","slug":"offo","status":"publish","type":"page","link":"http:\/\/gik.zgora.pl\/?page_id=3026","title":{"rendered":"OFFO"},"content":{"rendered":"\n<p>Og\u00f3lnopolski Festiwal Fotografii Otworkowej<\/p>\n\n\n\n<p>Jest to impreza cykliczna (biennale), kt\u00f3ra nie ma odpowiednika w polskim \u015brodowisku fotograficznym, a znana jest tak\u017ce poza granicami kraju. OFFO jest Festiwalem gromadz\u0105cym tw\u00f3rc\u00f3w, kt\u00f3rzy pos\u0142uguj\u0105 si\u0119 fotografi\u0105 otworkow\u0105 (pinhole photography).&nbsp;Celem OFFO jest ukazanie mo\u017cliwo\u015bci, jakie daje ta technika i przybli\u017cenie jej mo\u017cliwie najszerszej publiczno\u015bci. Wystawy festiwalowe i pofestiwalowe by\u0142y eksponowane te\u017c poza obszarem G\u00f3rnego \u015al\u0105ska (m.in. Alwernia, Chojnice, Cz\u0119stochowa, Jelenia G\u00f3ra, Stary S\u0105cz, Zielona G\u00f3ra), w tym corocznie&nbsp;w Browarze Mieszcza\u0144skim we Wroc\u0142awiu podczas festiwalu \u201ePodwodny Wroc\u0142aw\u201d. W Festiwalu od lat udzia\u0142 bior\u0105 uznani arty\u015bci uprawiaj\u0105cy ten gatunek fotografii &#8211; cz\u0142onkowie Zwi\u0105zku Polskich Artyst\u00f3w Fotografik\u00f3w, Arty\u015bci Fotoklubu Rzeczypospolitej Polskiej, wyk\u0142adowcy uczelni artystycznych, oraz arty\u015bci Mi\u0119dzynarodowej Federacji Fotografii Artystycznej F.I.A.P. W tym roku mo\u017cna zobaczy\u0107 prace nie tylko z Polskiej, ale te\u017c z nast\u0119puj\u0105cych kraj\u00f3w: Argentyna, Austria, Bia\u0142oru\u015b, Brazylia, Czechy, Hiszpania, Holandia, Kanada, Kolumbia, Litwa, Niemcy, Norwegia, Portugalia, Rosja, Szwecja, Ukraina, Wielka Brytania, W\u0142ochy, USA.<\/p>\n\n\n\n<div class=\"wp-block-buttons is-content-justification-center is-layout-flex wp-container-core-buttons-is-layout-16018d1d wp-block-buttons-is-layout-flex\">\n<div class=\"wp-block-button has-custom-width wp-block-button__width-100\"><a class=\"wp-block-button__link has-blue-color has-text-color has-medium-font-size has-custom-font-size wp-element-button\" href=\"http:\/\/gik.zgora.pl\/?page_id=2597\"><strong>EDYCJA 2021<\/strong><\/a><\/div>\n<\/div>\n\n\n\n<p><\/p>\n\n\n\n<div class=\"wp-block-buttons is-content-justification-center is-layout-flex wp-container-core-buttons-is-layout-16018d1d wp-block-buttons-is-layout-flex\">\n<div class=\"wp-block-button has-custom-width wp-block-button__width-100\"><a class=\"wp-block-button__link has-blue-color has-text-color has-medium-font-size has-custom-font-size wp-element-button\" href=\"http:\/\/gik.zgora.pl\/?page_id=3035\"><strong>EDYCJA 2023<\/strong><\/a><\/div>\n<\/div>\n\n\n\n<p><\/p>\n\n\n\n<div class=\"wp-block-buttons is-layout-flex wp-block-buttons-is-layout-flex\">\n<div class=\"wp-block-button has-custom-width wp-block-button__width-100\"><a class=\"wp-block-button__link has-blue-color has-text-color has-link-color has-medium-font-size has-custom-font-size wp-element-button\" href=\"http:\/\/gik.zgora.pl\/?page_id=3629&amp;preview_id=3629&amp;preview_nonce=e600210a69&amp;preview=true\"><strong>EDYCJA 2025<\/strong><\/a><\/div>\n<\/div>\n\n\n\n<p><\/p>\n","protected":false},"excerpt":{"rendered":"<p>Og\u00f3lnopolski Festiwal Fotografii Otworkowej Jest to impreza cykliczna (biennale), kt\u00f3ra nie ma odpowiednika w polskim \u015brodowisku fotograficznym, a znana jest tak\u017ce poza granicami kraju. OFFO jest Festiwalem gromadz\u0105cym tw\u00f3rc\u00f3w, kt\u00f3rzy pos\u0142uguj\u0105 si\u0119 fotografi\u0105 otworkow\u0105 (pinhole photography).&nbsp;Celem OFFO jest ukazanie mo\u017cliwo\u015bci, jakie daje ta technika i przybli\u017cenie jej mo\u017cliwie najszerszej publiczno\u015bci. Wystawy festiwalowe i pofestiwalowe by\u0142y [&hellip;]<\/p>\n","protected":false},"author":1,"featured_media":0,"parent":0,"menu_order":0,"comment_status":"closed","ping_status":"closed","template":"","meta":{"ngg_post_thumbnail":0,"footnotes":""},"class_list":["post-3026","page","type-page","status-publish","hentry"],"aioseo_notices":[],"_links":{"self":[{"href":"http:\/\/gik.zgora.pl\/index.php?rest_route=\/wp\/v2\/pages\/3026","targetHints":{"allow":["GET"]}}],"collection":[{"href":"http:\/\/gik.zgora.pl\/index.php?rest_route=\/wp\/v2\/pages"}],"about":[{"href":"http:\/\/gik.zgora.pl\/index.php?rest_route=\/wp\/v2\/types\/page"}],"author":[{"embeddable":true,"href":"http:\/\/gik.zgora.pl\/index.php?rest_route=\/wp\/v2\/users\/1"}],"replies":[{"embeddable":true,"href":"http:\/\/gik.zgora.pl\/index.php?rest_route=%2Fwp%2Fv2%2Fcomments&post=3026"}],"version-history":[{"count":7,"href":"http:\/\/gik.zgora.pl\/index.php?rest_route=\/wp\/v2\/pages\/3026\/revisions"}],"predecessor-version":[{"id":3634,"href":"http:\/\/gik.zgora.pl\/index.php?rest_route=\/wp\/v2\/pages\/3026\/revisions\/3634"}],"wp:attachment":[{"href":"http:\/\/gik.zgora.pl\/index.php?rest_route=%2Fwp%2Fv2%2Fmedia&parent=3026"}],"curies":[{"name":"wp","href":"https:\/\/api.w.org\/{rel}","templated":true}]}}