{"id":3035,"date":"2023-05-29T08:33:24","date_gmt":"2023-05-29T06:33:24","guid":{"rendered":"http:\/\/gik.zgora.pl\/?page_id=3035"},"modified":"2023-10-30T12:27:43","modified_gmt":"2023-10-30T10:27:43","slug":"offo-2023","status":"publish","type":"page","link":"http:\/\/gik.zgora.pl\/?page_id=3035","title":{"rendered":"OFFO 2023"},"content":{"rendered":"<div class=\"wp-block-image is-style-rounded\">\n<figure class=\"aligncenter size-medium\"><img decoding=\"async\" src=\"http:\/\/gik.zgora.pl\/wp-content\/uploads\/2023\/05\/offo2023-300x300.jpg\" alt=\"\" class=\"wp-image-3039\"\/><\/figure>\n<\/div>\n\n\n<p class=\"has-text-align-center has-blue-color has-text-color\"><strong>X Og\u00f3lnopolski Festiwal Fotografii Otworkowej.<br>G\u0142\u00f3wne imprezy: 27.10.2023 (Jastrz\u0119bie-Zdr\u00f3j) i 28.10.2023 (Olza)<\/strong><\/p>\n\n\n\n<p>W dniach 27-29.X. 2023 roku odby\u0142 si\u0119 ju\u017c X Og\u00f3lnopolski Festiwal Fotografii Otworkowej, po raz kolejny nasi koledzy Arek Siuda i Grzegorz Kincel uczestniczyli w tej, \u015bmia\u0142o mo\u017cna powiedzie\u0107 og\u00f3lno\u015bwiatowym \u015bwi\u0119cie fotografii otworkowej w Jastrz\u0119biu Zdr\u00f3j. W tegorocznym Festiwalu wzi\u0119\u0142o udzia\u0142 ponad 60 indywidualnych artyst\u00f3w z Polski i 30 z zagranicy, by wymie\u0107 takie kraje jak :Argentyna, Czechy, Finlandia, Holandia, Kanada, Luksemburg, Niemcy, Szwecja, Ukraina, USA i Wielka Brytania. Oraz 9. Grup Tw\u00f3rczych. Wszystkie prace OFFO mo\u017cna zobaczy\u0107 w 37 galeriach na G\u00f3rnym \u015al\u0105sku ale nie tylko, w tym roku wystawy OFFO-we b\u0119d\u0105 tak\u017ce daleko od \u015al\u0105ska: w Makowie Mazowieckim, Janowie Lubelskim i Che\u0142mie, a nawet w Czechach \u2013 w Karwinie gdzie swoje prace prezentowa\u0142 Grzegorz Kincel. W tym roku Grzegorz Kincel i Arek Siuda zaprezentowali swoje prace w ramach projektu <\/p>\n\n\n\n<p>&#8211; \u201eZielona G\u00f3ra w Otworku\u201d kt\u00f3ry trwa nieprzerwanie ju\u017c od 2020 roku, mo\u017cna powiedzie\u0107, \u017ce by\u0142a to kolejna ods\u0142ona prac na kt\u00f3rych mo\u017cna zobaczy\u0107 nasze miasto w troszeczk\u0119 inny spos\u00f3b. Jednocze\u015bnie Arek i Grzegorz zaprezentowali swoje indywidualne projekty. <\/p>\n\n\n\n<p>&#8211; \u201eWojn\u0119 zostawmy w muzeum\u201d to projekt Grzegorz Kincla kt\u00f3ry mo\u017cna ogl\u0105da\u0107 w Czechach w mie\u015bcie Karwina. <\/p>\n\n\n\n<p>&#8211; \u201emy haus\u201d to projekt Arka Siuda, zdj\u0119cia rodzinne, osobiste. Zdj\u0119cia b\u0119dzie mo\u017cna ogl\u0105da\u0107 w Galerii Szko\u0142y Plastycznej w Wodzis\u0142awiu \u015al\u0105skim. Wszystkie trzy wystawy w jednym miejscu b\u0119dzie mo\u017cna zobaczy\u0107 pod koniec tego roku w Zielonog\u00f3rskim O\u015brodku Kultury w Kisielinie a nast\u0119pnie w plenerowej \u201eGalerii pod Morwami\u201d<\/p>\n\n\n\n<p><\/p>\n\n\n\n<div class=\"wp-block-columns is-layout-flex wp-container-core-columns-is-layout-9d6595d7 wp-block-columns-is-layout-flex\">\n<div class=\"wp-block-column is-layout-flow wp-block-column-is-layout-flow\"><div class=\"wp-block-image is-style-rounded\">\n<figure class=\"aligncenter size-thumbnail\"><a href=\"http:\/\/gik.zgora.pl\/?page_id=3056\"><img decoding=\"async\" src=\"http:\/\/gik.zgora.pl\/wp-content\/uploads\/2023\/08\/offo-grzegorz-kincel-4-150x150.jpg\" alt=\"\" class=\"wp-image-3048\"\/><\/a><figcaption class=\"wp-element-caption\"><strong>Grzegorz Kincel<\/strong><\/figcaption><\/figure>\n<\/div><\/div>\n\n\n\n<div class=\"wp-block-column is-layout-flow wp-block-column-is-layout-flow\"><div class=\"wp-block-image is-style-rounded\">\n<figure class=\"aligncenter size-thumbnail is-resized\"><a href=\"http:\/\/gik.zgora.pl\/?page_id=3058\"><img decoding=\"async\" src=\"http:\/\/gik.zgora.pl\/wp-content\/uploads\/2023\/08\/logo-ztf-otwor-e1690954605815-150x150.jpg\" alt=\"\" class=\"wp-image-3050\" style=\"width:148px;height:148px\"\/><\/a><figcaption class=\"wp-element-caption\"><strong>Otworkowe ZTF<\/strong><\/figcaption><\/figure>\n<\/div><\/div>\n\n\n\n<div class=\"wp-block-column is-layout-flow wp-block-column-is-layout-flow\"><div class=\"wp-block-image is-style-rounded\">\n<figure class=\"aligncenter size-thumbnail is-resized\"><a href=\"http:\/\/gik.zgora.pl\/?page_id=3060\"><img decoding=\"async\" src=\"http:\/\/gik.zgora.pl\/wp-content\/uploads\/2023\/08\/Otworkowe-ZTF-AS-6-e1690954795196-150x150.jpg\" alt=\"\" class=\"wp-image-3051\" style=\"width:150px;height:150px\"\/><\/a><figcaption class=\"wp-element-caption\"><strong>Arkadiusz Siuda<\/strong><\/figcaption><\/figure>\n<\/div><\/div>\n<\/div>\n\n\n\n<p><\/p>\n\n\n\n<p><\/p>\n\n\n\n<p class=\"has-text-align-center has-blue-color has-text-color has-medium-font-size\">Projekt wsp\u00f3\u0142finansowany ze \u015brodk\u00f3w Urz\u0119du Miasta Zielonej G\u00f3ry<\/p>\n\n\n\n<div class=\"wp-block-columns is-layout-flex wp-container-core-columns-is-layout-9d6595d7 wp-block-columns-is-layout-flex\">\n<div class=\"wp-block-column is-layout-flow wp-block-column-is-layout-flow\"><div class=\"wp-block-image is-style-default\">\n<figure class=\"aligncenter size-thumbnail is-resized\"><img decoding=\"async\" src=\"http:\/\/gik.zgora.pl\/wp-content\/uploads\/2023\/08\/lodo-800-150x150.jpg\" alt=\"\" class=\"wp-image-3075\" style=\"object-fit:cover;width:200px;height:200px\"\/><\/figure>\n<\/div><\/div>\n\n\n\n<div class=\"wp-block-column is-layout-flow wp-block-column-is-layout-flow\"><div class=\"wp-block-image is-style-default\">\n<figure class=\"aligncenter size-thumbnail is-resized\"><img decoding=\"async\" src=\"http:\/\/gik.zgora.pl\/wp-content\/uploads\/2023\/08\/logo-zielona-gora-reklamowaagencjapl-150x150.jpg\" alt=\"\" class=\"wp-image-3076\" style=\"object-fit:cover;width:200px;height:200px\"\/><\/figure>\n<\/div><\/div>\n<\/div>\n","protected":false},"excerpt":{"rendered":"<p>X Og\u00f3lnopolski Festiwal Fotografii Otworkowej.G\u0142\u00f3wne imprezy: 27.10.2023 (Jastrz\u0119bie-Zdr\u00f3j) i 28.10.2023 (Olza) W dniach 27-29.X. 2023 roku odby\u0142 si\u0119 ju\u017c X Og\u00f3lnopolski Festiwal Fotografii Otworkowej, po raz kolejny nasi koledzy Arek Siuda i Grzegorz Kincel uczestniczyli w tej, \u015bmia\u0142o mo\u017cna powiedzie\u0107 og\u00f3lno\u015bwiatowym \u015bwi\u0119cie fotografii otworkowej w Jastrz\u0119biu Zdr\u00f3j. W tegorocznym Festiwalu wzi\u0119\u0142o udzia\u0142 ponad 60 indywidualnych [&hellip;]<\/p>\n","protected":false},"author":1,"featured_media":0,"parent":0,"menu_order":0,"comment_status":"closed","ping_status":"closed","template":"","meta":{"ngg_post_thumbnail":0,"footnotes":""},"class_list":["post-3035","page","type-page","status-publish","hentry"],"aioseo_notices":[],"_links":{"self":[{"href":"http:\/\/gik.zgora.pl\/index.php?rest_route=\/wp\/v2\/pages\/3035","targetHints":{"allow":["GET"]}}],"collection":[{"href":"http:\/\/gik.zgora.pl\/index.php?rest_route=\/wp\/v2\/pages"}],"about":[{"href":"http:\/\/gik.zgora.pl\/index.php?rest_route=\/wp\/v2\/types\/page"}],"author":[{"embeddable":true,"href":"http:\/\/gik.zgora.pl\/index.php?rest_route=\/wp\/v2\/users\/1"}],"replies":[{"embeddable":true,"href":"http:\/\/gik.zgora.pl\/index.php?rest_route=%2Fwp%2Fv2%2Fcomments&post=3035"}],"version-history":[{"count":22,"href":"http:\/\/gik.zgora.pl\/index.php?rest_route=\/wp\/v2\/pages\/3035\/revisions"}],"predecessor-version":[{"id":3160,"href":"http:\/\/gik.zgora.pl\/index.php?rest_route=\/wp\/v2\/pages\/3035\/revisions\/3160"}],"wp:attachment":[{"href":"http:\/\/gik.zgora.pl\/index.php?rest_route=%2Fwp%2Fv2%2Fmedia&parent=3035"}],"curies":[{"name":"wp","href":"https:\/\/api.w.org\/{rel}","templated":true}]}}